{"id":59992,"date":"2023-03-27T15:38:56","date_gmt":"2023-03-27T12:38:56","guid":{"rendered":"https:\/\/noblewine.lv\/?post_type=product&#038;p=59992"},"modified":"2024-05-15T13:41:47","modified_gmt":"2024-05-15T10:41:47","slug":"fleur-garderose-st-emilion-grand-cru-2018","status":"publish","type":"product","link":"https:\/\/nwold.test.decotec.lv\/en\/catalog\/wine\/fleur-garderose-st-emilion-grand-cru-2018\/","title":{"rendered":"&#8220;Fleur Garderose&#8221; St.Emilion Grand Cru 2018"},"content":{"rendered":"","protected":false},"excerpt":{"rendered":"<p>&#8220;Arom\u0101t\u0101 j\u016btamas upe\u0146u, me\u017ea un melno piparu notis. Gar\u0161\u0101 v\u012bns ir vid\u0113jas miesas b\u016bves, apa\u013c\u0161 ar upe\u0146u, melnzemes un ciedra koka nians\u0113m. Tan\u012bni ir akt\u012bvi, z\u012bdaini.&#8221; \u2014 Ronalds P\u0113tersons, &#8220;Noble Wine&#8221; somelj\u0113<\/p>\n","protected":false},"featured_media":60415,"template":"","meta":[],"product_cat":[2001],"product_tag":[461],"class_list":["post-59992","product","type-product","status-publish","has-post-thumbnail","hentry","product_cat-wine","product_tag-natural","pa_country-france","pa_region-bordeaux","pa_tips-red-wine","pa_varietal-cabernet-franc","pa_varietal-cabernet-sauvignon","pa_varietal-merlot","pa_vendor-vignobles-pueyo-en","pa_village-saint-emilion"],"acf":[],"_links":{"self":[{"href":"https:\/\/nwold.test.decotec.lv\/en\/wp-json\/wp\/v2\/product\/59992"}],"collection":[{"href":"https:\/\/nwold.test.decotec.lv\/en\/wp-json\/wp\/v2\/product"}],"about":[{"href":"https:\/\/nwold.test.decotec.lv\/en\/wp-json\/wp\/v2\/types\/product"}],"wp:featuredmedia":[{"embeddable":true,"href":"https:\/\/nwold.test.decotec.lv\/en\/wp-json\/wp\/v2\/media\/60415"}],"wp:attachment":[{"href":"https:\/\/nwold.test.decotec.lv\/en\/wp-json\/wp\/v2\/media?parent=59992"}],"wp:term":[{"taxonomy":"product_cat","embeddable":true,"href":"https:\/\/nwold.test.decotec.lv\/en\/wp-json\/wp\/v2\/product_cat?post=59992"},{"taxonomy":"product_tag","embeddable":true,"href":"https:\/\/nwold.test.decotec.lv\/en\/wp-json\/wp\/v2\/product_tag?post=59992"}],"curies":[{"name":"wp","href":"https:\/\/api.w.org\/{rel}","templated":true}]}}