{"id":60015,"date":"2023-03-29T17:13:50","date_gmt":"2023-03-29T14:13:50","guid":{"rendered":"https:\/\/noblewine.lv\/?post_type=product&#038;p=60015"},"modified":"2024-05-27T12:29:03","modified_gmt":"2024-05-27T09:29:03","slug":"prosecco-superiore-di-conegl-valdob-docg-gaio-extra-dry-2022","status":"publish","type":"product","link":"https:\/\/nwold.test.decotec.lv\/en\/catalog\/wine\/prosecco-superiore-di-conegl-valdob-docg-gaio-extra-dry-2022\/","title":{"rendered":"Prosecco Superiore di Conegl.-Valdob. DOCG &#8220;Gaio&#8221; Extra Dry 2022"},"content":{"rendered":"","protected":false},"excerpt":{"rendered":"<p>&#8220;Arom\u0101t\u0101 j\u016btamas miner\u0101lu, jasm\u012bna, laima, kr\u012bta un gatavu bumbieru notis. Gar\u0161\u0101 v\u012bns ir sauss, intens\u012bvs, delik\u0101ts ar citursainu svaigumu un ilgu p\u0113cgar\u0161u.&#8221; \u2014 Ronalds P\u0113tersons, &#8220;Noble Wine&#8221; somelj\u0113<\/p>\n","protected":false},"featured_media":39004,"template":"","meta":[],"product_cat":[2001],"product_tag":[],"class_list":["post-60015","product","type-product","status-publish","has-post-thumbnail","hentry","product_cat-wine","pa_country-italy","pa_region-veneto","pa_varietal-glera","pa_vendor-collalto","pa_village-prosecco"],"acf":[],"_links":{"self":[{"href":"https:\/\/nwold.test.decotec.lv\/en\/wp-json\/wp\/v2\/product\/60015"}],"collection":[{"href":"https:\/\/nwold.test.decotec.lv\/en\/wp-json\/wp\/v2\/product"}],"about":[{"href":"https:\/\/nwold.test.decotec.lv\/en\/wp-json\/wp\/v2\/types\/product"}],"wp:featuredmedia":[{"embeddable":true,"href":"https:\/\/nwold.test.decotec.lv\/en\/wp-json\/wp\/v2\/media\/39004"}],"wp:attachment":[{"href":"https:\/\/nwold.test.decotec.lv\/en\/wp-json\/wp\/v2\/media?parent=60015"}],"wp:term":[{"taxonomy":"product_cat","embeddable":true,"href":"https:\/\/nwold.test.decotec.lv\/en\/wp-json\/wp\/v2\/product_cat?post=60015"},{"taxonomy":"product_tag","embeddable":true,"href":"https:\/\/nwold.test.decotec.lv\/en\/wp-json\/wp\/v2\/product_tag?post=60015"}],"curies":[{"name":"wp","href":"https:\/\/api.w.org\/{rel}","templated":true}]}}