{"id":60041,"date":"2023-04-18T10:22:17","date_gmt":"2023-04-18T07:22:17","guid":{"rendered":"https:\/\/noblewine.lv\/?post_type=product&#038;p=60041"},"modified":"2024-05-20T10:34:41","modified_gmt":"2024-05-20T07:34:41","slug":"ribera-del-duero-crianza-2020","status":"publish","type":"product","link":"https:\/\/nwold.test.decotec.lv\/en\/catalog\/wine\/ribera-del-duero-crianza-2020\/","title":{"rendered":"Ribera del Duero &#8220;Crianza&#8221; 2020"},"content":{"rendered":"","protected":false},"excerpt":{"rendered":"<p>&#8220;Arom\u0101t\u0101 j\u016btami svaigu tum\u0161o \u0137ir\u0161u, pl\u016bmju, melnzemes, vani\u013cas un d\u016bmu notis. Gar\u0161\u0101 v\u012bns ir intens\u012bvs, aug\u013cains, sul\u012bgs ar tum\u0161o \u0137ir\u0161u un sauso gar\u0161vielu nians\u0113m. Tan\u012bni ir kr\u012btaini. P\u0113cgar\u0161a ir notur\u012bga.&#8221; \u2014 Ronalds P\u0113tersons, &#8220;Noble Wine&#8221; somelj\u0113<\/p>\n","protected":false},"featured_media":48765,"template":"","meta":[],"product_cat":[2001],"product_tag":[],"class_list":["post-60041","product","type-product","status-publish","has-post-thumbnail","hentry","product_cat-wine","pa_country-spain","pa_region-catillia-y-leon","pa_tips-red-wine","pa_varietal-tempranillo","pa_vendor-pago-de-los-capellanes","pa_village-ribera-del-duero"],"acf":[],"_links":{"self":[{"href":"https:\/\/nwold.test.decotec.lv\/en\/wp-json\/wp\/v2\/product\/60041"}],"collection":[{"href":"https:\/\/nwold.test.decotec.lv\/en\/wp-json\/wp\/v2\/product"}],"about":[{"href":"https:\/\/nwold.test.decotec.lv\/en\/wp-json\/wp\/v2\/types\/product"}],"wp:featuredmedia":[{"embeddable":true,"href":"https:\/\/nwold.test.decotec.lv\/en\/wp-json\/wp\/v2\/media\/48765"}],"wp:attachment":[{"href":"https:\/\/nwold.test.decotec.lv\/en\/wp-json\/wp\/v2\/media?parent=60041"}],"wp:term":[{"taxonomy":"product_cat","embeddable":true,"href":"https:\/\/nwold.test.decotec.lv\/en\/wp-json\/wp\/v2\/product_cat?post=60041"},{"taxonomy":"product_tag","embeddable":true,"href":"https:\/\/nwold.test.decotec.lv\/en\/wp-json\/wp\/v2\/product_tag?post=60041"}],"curies":[{"name":"wp","href":"https:\/\/api.w.org\/{rel}","templated":true}]}}