{"id":60546,"date":"2023-04-19T15:01:42","date_gmt":"2023-04-19T12:01:42","guid":{"rendered":"https:\/\/noblewine.lv\/?post_type=product&#038;p=60546"},"modified":"2024-05-27T12:29:20","modified_gmt":"2024-05-27T09:29:20","slug":"vie-en-rose-cotes-de-provence-2022","status":"publish","type":"product","link":"https:\/\/nwold.test.decotec.lv\/en\/catalog\/wine\/vie-en-rose-cotes-de-provence-2022\/","title":{"rendered":"&#8220;Vie en Rose&#8221; Cotes de Provence 2022"},"content":{"rendered":"","protected":false},"excerpt":{"rendered":"<p>Sauss roz\u0101 v\u012bns &#8220;Arom\u0101t\u0101 j\u016btamas delik\u0101tas j\u0101\u0146ogu, persiku un zeme\u0146u notis. Gar\u0161\u0101 v\u012bns ir krauk\u0161\u0137\u012bgs sul\u012bgs ar aug\u013cainu svaigumu.&#8221; \u2014 Ronalds P\u0113tersons, &#8220;Noble Wine&#8221; somelj\u0113<\/p>\n","protected":false},"featured_media":60547,"template":"","meta":[],"product_cat":[2001],"product_tag":[],"class_list":["post-60546","product","type-product","status-publish","has-post-thumbnail","hentry","product_cat-wine","pa_country-france","pa_region-provence","pa_tips-rose-wine","pa_varietal-cinsault","pa_varietal-tibouren","pa_vendor-chateau-roubine"],"acf":[],"_links":{"self":[{"href":"https:\/\/nwold.test.decotec.lv\/en\/wp-json\/wp\/v2\/product\/60546"}],"collection":[{"href":"https:\/\/nwold.test.decotec.lv\/en\/wp-json\/wp\/v2\/product"}],"about":[{"href":"https:\/\/nwold.test.decotec.lv\/en\/wp-json\/wp\/v2\/types\/product"}],"wp:featuredmedia":[{"embeddable":true,"href":"https:\/\/nwold.test.decotec.lv\/en\/wp-json\/wp\/v2\/media\/60547"}],"wp:attachment":[{"href":"https:\/\/nwold.test.decotec.lv\/en\/wp-json\/wp\/v2\/media?parent=60546"}],"wp:term":[{"taxonomy":"product_cat","embeddable":true,"href":"https:\/\/nwold.test.decotec.lv\/en\/wp-json\/wp\/v2\/product_cat?post=60546"},{"taxonomy":"product_tag","embeddable":true,"href":"https:\/\/nwold.test.decotec.lv\/en\/wp-json\/wp\/v2\/product_tag?post=60546"}],"curies":[{"name":"wp","href":"https:\/\/api.w.org\/{rel}","templated":true}]}}