{"id":60585,"date":"2023-05-18T13:38:08","date_gmt":"2023-05-18T10:38:08","guid":{"rendered":"https:\/\/noblewine.lv\/?post_type=product&#038;p=60585"},"modified":"2024-05-21T22:24:38","modified_gmt":"2024-05-21T19:24:38","slug":"savoie-chignin-bergeron-la-peyse-2020","status":"publish","type":"product","link":"https:\/\/nwold.test.decotec.lv\/en\/catalog\/wine\/savoie-chignin-bergeron-la-peyse-2020\/","title":{"rendered":"Savoie Chignin-Bergeron &#8220;La Peyse&#8221; 2020"},"content":{"rendered":"","protected":false},"excerpt":{"rendered":"<p>&#8220;Arom\u0101t\u0101 j\u016btamas medus, marmel\u0101des un cidonijas notis. Gar\u0161\u0101 v\u012bns perfekti sabalans\u0113ts, maigs, elegants, ar ilgu p\u0113cgar\u0161u.&#8221; \u2014 Ronalds P\u0113tersons, &#8220;Noble Wine&#8221; somelj\u0113<\/p>\n","protected":false},"featured_media":60586,"template":"","meta":[],"product_cat":[2001],"product_tag":[],"class_list":["post-60585","product","type-product","status-publish","has-post-thumbnail","hentry","product_cat-wine","pa_country-france","pa_region-savoie-en-2","pa_tips-white-wine","pa_varietal-roussane","pa_vendor-philippe-et-sylvain-ravier-en"],"acf":[],"_links":{"self":[{"href":"https:\/\/nwold.test.decotec.lv\/en\/wp-json\/wp\/v2\/product\/60585"}],"collection":[{"href":"https:\/\/nwold.test.decotec.lv\/en\/wp-json\/wp\/v2\/product"}],"about":[{"href":"https:\/\/nwold.test.decotec.lv\/en\/wp-json\/wp\/v2\/types\/product"}],"wp:featuredmedia":[{"embeddable":true,"href":"https:\/\/nwold.test.decotec.lv\/en\/wp-json\/wp\/v2\/media\/60586"}],"wp:attachment":[{"href":"https:\/\/nwold.test.decotec.lv\/en\/wp-json\/wp\/v2\/media?parent=60585"}],"wp:term":[{"taxonomy":"product_cat","embeddable":true,"href":"https:\/\/nwold.test.decotec.lv\/en\/wp-json\/wp\/v2\/product_cat?post=60585"},{"taxonomy":"product_tag","embeddable":true,"href":"https:\/\/nwold.test.decotec.lv\/en\/wp-json\/wp\/v2\/product_tag?post=60585"}],"curies":[{"name":"wp","href":"https:\/\/api.w.org\/{rel}","templated":true}]}}