{"id":60780,"date":"2023-04-24T10:35:35","date_gmt":"2023-04-24T07:35:35","guid":{"rendered":"https:\/\/noblewine.lv\/?post_type=product&#038;p=60780"},"modified":"2024-05-25T22:28:37","modified_gmt":"2024-05-25T19:28:37","slug":"sancerre-tradition-2021","status":"publish","type":"product","link":"https:\/\/nwold.test.decotec.lv\/en\/catalog\/wine\/sancerre-tradition-2021\/","title":{"rendered":"Sancerre &#8220;Tradition&#8221; 2021"},"content":{"rendered":"","protected":false},"excerpt":{"rendered":"<p>&#8220;Arom\u0101ts ir komplekss ar riekstu e\u013c\u013cas, kr\u012bta un tropisko aug\u013cu not\u012bm. Gar\u0161\u0101 v\u012bns ir sauss, sul\u012bgs, apa\u013c\u0161 ar izteiktu sarkan\u0101 griepfr\u016bta, persika un cidonijas nians\u0113m.&#8221; \u2014 Ronalds P\u0113tersons, &#8220;Noble Wine&#8221; somelj\u0113<\/p>\n","protected":false},"featured_media":39483,"template":"","meta":[],"product_cat":[2001],"product_tag":[],"class_list":["post-60780","product","type-product","status-publish","has-post-thumbnail","hentry","product_cat-wine","pa_country-france","pa_region-loire","pa_tips-white-wine","pa_varietal-sauvignon-blanc","pa_vendor-daniel-chotard","pa_village-sancerre"],"acf":[],"_links":{"self":[{"href":"https:\/\/nwold.test.decotec.lv\/en\/wp-json\/wp\/v2\/product\/60780"}],"collection":[{"href":"https:\/\/nwold.test.decotec.lv\/en\/wp-json\/wp\/v2\/product"}],"about":[{"href":"https:\/\/nwold.test.decotec.lv\/en\/wp-json\/wp\/v2\/types\/product"}],"wp:featuredmedia":[{"embeddable":true,"href":"https:\/\/nwold.test.decotec.lv\/en\/wp-json\/wp\/v2\/media\/39483"}],"wp:attachment":[{"href":"https:\/\/nwold.test.decotec.lv\/en\/wp-json\/wp\/v2\/media?parent=60780"}],"wp:term":[{"taxonomy":"product_cat","embeddable":true,"href":"https:\/\/nwold.test.decotec.lv\/en\/wp-json\/wp\/v2\/product_cat?post=60780"},{"taxonomy":"product_tag","embeddable":true,"href":"https:\/\/nwold.test.decotec.lv\/en\/wp-json\/wp\/v2\/product_tag?post=60780"}],"curies":[{"name":"wp","href":"https:\/\/api.w.org\/{rel}","templated":true}]}}