{"id":60788,"date":"2023-06-13T13:43:38","date_gmt":"2023-06-13T10:43:38","guid":{"rendered":"https:\/\/noblewine.lv\/?post_type=product&#038;p=60788"},"modified":"2024-05-27T12:30:07","modified_gmt":"2024-05-27T09:30:07","slug":"bio-rebula-goriska-brda-2021","status":"publish","type":"product","link":"https:\/\/nwold.test.decotec.lv\/en\/catalog\/wine\/bio-rebula-goriska-brda-2021\/","title":{"rendered":"BIO &#8220;Rebula&#8221;  Gori\u0161ka Brda 2021"},"content":{"rendered":"","protected":false},"excerpt":{"rendered":"<p>\u201cV\u012bnam rakstur\u012bga medus, baldo ziedu un dzeteno pl\u016bmju arom\u0101ts, kur\u0101 ir maigas kr\u0113juma nianses. Gar\u0161a ir sabalans\u0113ta, svaiga, apa\u013ca ar karameliz\u0113tu citronu mizu nians\u0113m. Gara, svaiga p\u0113cgar\u0161a.\u201d \u2013 Ronalds P\u0113tersons, \u201cNoble Wine\u201d somelj\u0113<\/p>\n","protected":false},"featured_media":0,"template":"","meta":[],"product_cat":[2001],"product_tag":[2795],"class_list":["post-60788","product","type-product","status-publish","hentry","product_cat-wine","product_tag-biggest-saving","pa_country-slovenia","pa_region-gorishka-brda","pa_tips-white-wine","pa_varietal-ribolla-gialla","pa_vendor-movia"],"acf":[],"_links":{"self":[{"href":"https:\/\/nwold.test.decotec.lv\/en\/wp-json\/wp\/v2\/product\/60788"}],"collection":[{"href":"https:\/\/nwold.test.decotec.lv\/en\/wp-json\/wp\/v2\/product"}],"about":[{"href":"https:\/\/nwold.test.decotec.lv\/en\/wp-json\/wp\/v2\/types\/product"}],"wp:attachment":[{"href":"https:\/\/nwold.test.decotec.lv\/en\/wp-json\/wp\/v2\/media?parent=60788"}],"wp:term":[{"taxonomy":"product_cat","embeddable":true,"href":"https:\/\/nwold.test.decotec.lv\/en\/wp-json\/wp\/v2\/product_cat?post=60788"},{"taxonomy":"product_tag","embeddable":true,"href":"https:\/\/nwold.test.decotec.lv\/en\/wp-json\/wp\/v2\/product_tag?post=60788"}],"curies":[{"name":"wp","href":"https:\/\/api.w.org\/{rel}","templated":true}]}}