{"id":60790,"date":"2023-06-13T13:43:41","date_gmt":"2023-06-13T10:43:41","guid":{"rendered":"https:\/\/noblewine.lv\/?post_type=product&#038;p=60790"},"modified":"2024-05-17T22:20:15","modified_gmt":"2024-05-17T19:20:15","slug":"oslavje-05l","status":"publish","type":"product","link":"https:\/\/nwold.test.decotec.lv\/en\/catalog\/wine\/oslavje-05l\/","title":{"rendered":"&#8220;Oslavje&#8221; 0,5L"},"content":{"rendered":"","protected":false},"excerpt":{"rendered":"<p>Arom\u0101t\u0101 j\u016btamas apels\u012bnu mizas, \u017e\u0101v\u0113ti persiki, vasks un p\u013cavu ziedi. Gar\u0161a svaiga, sausa, augstu sk\u0101bumu, apa\u013ca un persiku not\u012bm. P\u0113cgar\u0161a ir ilga un svaiga. \u2014 Ronalds P\u0113tersons, &#8220;Noble Wine&#8221; somelj\u0113<\/p>\n","protected":false},"featured_media":0,"template":"","meta":[],"product_cat":[2001],"product_tag":[2795],"class_list":["post-60790","product","type-product","status-publish","hentry","product_cat-wine","product_tag-biggest-saving","pa_country-italy","pa_region-friuli-venezia-giulia","pa_tips-white-wine","pa_varietal-chardonnay","pa_varietal-pinot-grigio","pa_varietal-sauvignon-blanc","pa_vendor-radikon"],"acf":[],"_links":{"self":[{"href":"https:\/\/nwold.test.decotec.lv\/en\/wp-json\/wp\/v2\/product\/60790"}],"collection":[{"href":"https:\/\/nwold.test.decotec.lv\/en\/wp-json\/wp\/v2\/product"}],"about":[{"href":"https:\/\/nwold.test.decotec.lv\/en\/wp-json\/wp\/v2\/types\/product"}],"wp:attachment":[{"href":"https:\/\/nwold.test.decotec.lv\/en\/wp-json\/wp\/v2\/media?parent=60790"}],"wp:term":[{"taxonomy":"product_cat","embeddable":true,"href":"https:\/\/nwold.test.decotec.lv\/en\/wp-json\/wp\/v2\/product_cat?post=60790"},{"taxonomy":"product_tag","embeddable":true,"href":"https:\/\/nwold.test.decotec.lv\/en\/wp-json\/wp\/v2\/product_tag?post=60790"}],"curies":[{"name":"wp","href":"https:\/\/api.w.org\/{rel}","templated":true}]}}