{"id":60915,"date":"2023-06-19T09:48:09","date_gmt":"2023-06-19T06:48:09","guid":{"rendered":"https:\/\/noblewine.lv\/?post_type=product&#038;p=60915"},"modified":"2024-05-20T13:04:45","modified_gmt":"2024-05-20T10:04:45","slug":"coteaux-du-layon-1er-cru-chaume-cuvee-privilege-2020","status":"publish","type":"product","link":"https:\/\/nwold.test.decotec.lv\/en\/catalog\/wine\/coteaux-du-layon-1er-cru-chaume-cuvee-privilege-2020\/","title":{"rendered":"Coteaux du Layon 1er Cru &#8220;Chaume &#8211; Cuvee Privilege&#8221; 2020"},"content":{"rendered":"","protected":false},"excerpt":{"rendered":"<p>&#8220;Arom\u0101ts ir intens\u012bvs, ar citrusaug\u013cu un aprikozes not\u012bm. Gar\u0161\u0101 v\u012bns ir salds, ar \u017e\u0101v\u0113ta persika, cidonijas un cepta \u0101bola nians\u0113m.&#8221; \u2014 Ronalds P\u0113tersons, &#8220;Noble Wine&#8221; somelj\u0113<\/p>\n","protected":false},"featured_media":60909,"template":"","meta":[],"product_cat":[2001],"product_tag":[],"class_list":["post-60915","product","type-product","status-publish","has-post-thumbnail","hentry","product_cat-wine","pa_country-france","pa_region-champagne","pa_tips-white-wine","pa_vendor-domaine-des-deux-vallees-en","pa_village-coteaux-du-layon-en"],"acf":[],"_links":{"self":[{"href":"https:\/\/nwold.test.decotec.lv\/en\/wp-json\/wp\/v2\/product\/60915"}],"collection":[{"href":"https:\/\/nwold.test.decotec.lv\/en\/wp-json\/wp\/v2\/product"}],"about":[{"href":"https:\/\/nwold.test.decotec.lv\/en\/wp-json\/wp\/v2\/types\/product"}],"wp:featuredmedia":[{"embeddable":true,"href":"https:\/\/nwold.test.decotec.lv\/en\/wp-json\/wp\/v2\/media\/60909"}],"wp:attachment":[{"href":"https:\/\/nwold.test.decotec.lv\/en\/wp-json\/wp\/v2\/media?parent=60915"}],"wp:term":[{"taxonomy":"product_cat","embeddable":true,"href":"https:\/\/nwold.test.decotec.lv\/en\/wp-json\/wp\/v2\/product_cat?post=60915"},{"taxonomy":"product_tag","embeddable":true,"href":"https:\/\/nwold.test.decotec.lv\/en\/wp-json\/wp\/v2\/product_tag?post=60915"}],"curies":[{"name":"wp","href":"https:\/\/api.w.org\/{rel}","templated":true}]}}