{"id":60956,"date":"2023-06-19T09:48:07","date_gmt":"2023-06-19T06:48:07","guid":{"rendered":"https:\/\/noblewine.lv\/?post_type=product&#038;p=60956"},"modified":"2024-05-20T12:36:24","modified_gmt":"2024-05-20T09:36:24","slug":"anjou-en-terrasse-2022","status":"publish","type":"product","link":"https:\/\/nwold.test.decotec.lv\/en\/catalog\/wine\/anjou-en-terrasse-2022\/","title":{"rendered":"Anjou &#8220;En Terrasse&#8221; 2022"},"content":{"rendered":"","protected":false},"excerpt":{"rendered":"<p>&#8220;Arom\u0101ts ir elegants ar za\u013ca \u0101bola un citrusaug\u013cu not\u012bm. Gar\u0161\u0101 v\u012bns ir sauss, sul\u012bgs, ar augstu sk\u0101bumu.&#8221; \u2014 Ronalds P\u0113tersons, &#8220;Noble Wine&#8221; somelj\u0113<\/p>\n","protected":false},"featured_media":60958,"template":"","meta":[],"product_cat":[2001],"product_tag":[2795],"class_list":["post-60956","product","type-product","status-publish","has-post-thumbnail","hentry","product_cat-wine","product_tag-biggest-saving","pa_country-france","pa_region-loire","pa_tips-white-wine","pa_vendor-domaine-des-deux-vallees-en","pa_village-anjou-en"],"acf":[],"_links":{"self":[{"href":"https:\/\/nwold.test.decotec.lv\/en\/wp-json\/wp\/v2\/product\/60956"}],"collection":[{"href":"https:\/\/nwold.test.decotec.lv\/en\/wp-json\/wp\/v2\/product"}],"about":[{"href":"https:\/\/nwold.test.decotec.lv\/en\/wp-json\/wp\/v2\/types\/product"}],"wp:featuredmedia":[{"embeddable":true,"href":"https:\/\/nwold.test.decotec.lv\/en\/wp-json\/wp\/v2\/media\/60958"}],"wp:attachment":[{"href":"https:\/\/nwold.test.decotec.lv\/en\/wp-json\/wp\/v2\/media?parent=60956"}],"wp:term":[{"taxonomy":"product_cat","embeddable":true,"href":"https:\/\/nwold.test.decotec.lv\/en\/wp-json\/wp\/v2\/product_cat?post=60956"},{"taxonomy":"product_tag","embeddable":true,"href":"https:\/\/nwold.test.decotec.lv\/en\/wp-json\/wp\/v2\/product_tag?post=60956"}],"curies":[{"name":"wp","href":"https:\/\/api.w.org\/{rel}","templated":true}]}}