{"id":60985,"date":"2023-05-15T12:21:59","date_gmt":"2023-05-15T09:21:59","guid":{"rendered":"https:\/\/noblewine.lv\/catalog\/uncategorized\/savennieres-clos-du-petit-beaupreau-2021\/"},"modified":"2024-05-22T08:44:54","modified_gmt":"2024-05-22T05:44:54","slug":"savennieres-clos-du-petit-beaupreau-2021","status":"publish","type":"product","link":"https:\/\/nwold.test.decotec.lv\/en\/catalog\/wine\/savennieres-clos-du-petit-beaupreau-2021\/","title":{"rendered":"Savennieres &#8220;Clos du petit Beaupreau&#8221; 2021"},"content":{"rendered":"","protected":false},"excerpt":{"rendered":"<p>&#8220;Arom\u0101ts ir intens\u012bvs, ar citrusaug\u013cu, marakujas un d\u016bmakain\u0101m not\u012bm. Gar\u0161\u0101 v\u012bns ir sabalans\u0113ts, ar mitra akmens, p\u013cavas ziedu un vani\u013cas nians\u0113m.&#8221; \u2014 Ronalds P\u0113tersons, &#8220;Noble Wine&#8221; somelj\u0113<\/p>\n","protected":false},"featured_media":60986,"template":"","meta":[],"product_cat":[2001],"product_tag":[2795],"class_list":["post-60985","product","type-product","status-publish","has-post-thumbnail","hentry","product_cat-wine","product_tag-biggest-saving","pa_country-france","pa_region-loire","pa_tips-white-wine","pa_varietal-chenin-blanc","pa_vendor-domaine-des-deux-vallees-en","pa_village-savennieres-en"],"acf":[],"_links":{"self":[{"href":"https:\/\/nwold.test.decotec.lv\/en\/wp-json\/wp\/v2\/product\/60985"}],"collection":[{"href":"https:\/\/nwold.test.decotec.lv\/en\/wp-json\/wp\/v2\/product"}],"about":[{"href":"https:\/\/nwold.test.decotec.lv\/en\/wp-json\/wp\/v2\/types\/product"}],"wp:featuredmedia":[{"embeddable":true,"href":"https:\/\/nwold.test.decotec.lv\/en\/wp-json\/wp\/v2\/media\/60986"}],"wp:attachment":[{"href":"https:\/\/nwold.test.decotec.lv\/en\/wp-json\/wp\/v2\/media?parent=60985"}],"wp:term":[{"taxonomy":"product_cat","embeddable":true,"href":"https:\/\/nwold.test.decotec.lv\/en\/wp-json\/wp\/v2\/product_cat?post=60985"},{"taxonomy":"product_tag","embeddable":true,"href":"https:\/\/nwold.test.decotec.lv\/en\/wp-json\/wp\/v2\/product_tag?post=60985"}],"curies":[{"name":"wp","href":"https:\/\/api.w.org\/{rel}","templated":true}]}}