{"id":61507,"date":"2023-06-02T14:28:39","date_gmt":"2023-06-02T11:28:39","guid":{"rendered":"https:\/\/noblewine.lv\/catalog\/uncategorized\/conca-del-riu-anoia-de-la-finca-2019\/"},"modified":"2024-05-26T18:20:09","modified_gmt":"2024-05-26T15:20:09","slug":"conca-del-riu-anoia-de-la-finca-2019","status":"publish","type":"product","link":"https:\/\/nwold.test.decotec.lv\/en\/catalog\/wine\/conca-del-riu-anoia-de-la-finca-2019\/","title":{"rendered":"Conca del Riu Anoia &#8220;De la Finca&#8221; 2019"},"content":{"rendered":"","protected":false},"excerpt":{"rendered":"<p>&#8220;Arom\u0101ta j\u016btamas bumbieru, za\u013co \u0101bolu, d\u016bmu un miner\u0101lu nianses. V\u012bns gar\u0161\u0101 ir \u013coti delik\u0101ts, t\u012brs ar miner\u0101l\u0101m not\u012bm, gataviem za\u013cajiem \u0101boliem un minim\u0101lu s\u0101\u013cumu. V\u012bnam ir ilga, eleganta p\u0113cgar\u0161a.&#8221; \u2014 Ronalds P\u0113tersons, &#8220;Noble Wine&#8221; somelj\u0113<\/p>\n","protected":false},"featured_media":61508,"template":"","meta":[],"product_cat":[2001],"product_tag":[],"class_list":["post-61507","product","type-product","status-publish","has-post-thumbnail","hentry","product_cat-wine","pa_country-spain","pa_region-catalunya","pa_varietal-macabeu","pa_varietal-parellada","pa_varietal-xarel-lo","pa_vendor-raventos-i-blanc","pa_village-conca-del-riu-anoia"],"acf":[],"_links":{"self":[{"href":"https:\/\/nwold.test.decotec.lv\/en\/wp-json\/wp\/v2\/product\/61507"}],"collection":[{"href":"https:\/\/nwold.test.decotec.lv\/en\/wp-json\/wp\/v2\/product"}],"about":[{"href":"https:\/\/nwold.test.decotec.lv\/en\/wp-json\/wp\/v2\/types\/product"}],"wp:featuredmedia":[{"embeddable":true,"href":"https:\/\/nwold.test.decotec.lv\/en\/wp-json\/wp\/v2\/media\/61508"}],"wp:attachment":[{"href":"https:\/\/nwold.test.decotec.lv\/en\/wp-json\/wp\/v2\/media?parent=61507"}],"wp:term":[{"taxonomy":"product_cat","embeddable":true,"href":"https:\/\/nwold.test.decotec.lv\/en\/wp-json\/wp\/v2\/product_cat?post=61507"},{"taxonomy":"product_tag","embeddable":true,"href":"https:\/\/nwold.test.decotec.lv\/en\/wp-json\/wp\/v2\/product_tag?post=61507"}],"curies":[{"name":"wp","href":"https:\/\/api.w.org\/{rel}","templated":true}]}}