{"id":61559,"date":"2023-04-24T11:05:40","date_gmt":"2023-04-24T08:05:40","guid":{"rendered":"https:\/\/noblewine.lv\/catalog\/uncategorized\/saint-peray-les-pins-2021\/"},"modified":"2024-05-09T22:41:15","modified_gmt":"2024-05-09T19:41:15","slug":"saint-peray-les-pins-2021","status":"publish","type":"product","link":"https:\/\/nwold.test.decotec.lv\/en\/catalog\/wine\/saint-peray-les-pins-2021\/","title":{"rendered":"Saint-Peray &#8220;Les Pins&#8221; 2021"},"content":{"rendered":"","protected":false},"excerpt":{"rendered":"<p>&#8220;Arom\u0101t\u0101 j\u016btamas balto ziedu, bumbiera, p\u0101rgatava abola un persiku nianses. Gar\u0161\u0101 v\u012bns ir sul\u012bgs, svaigs, apa\u013c\u0161. P\u0113cgar\u0161a ir aug\u013caina un ilga.&#8221; \u2014 Ronalds P\u0113tersons, &#8220;Noble Wine&#8221; somelj\u0113<\/p>\n","protected":false},"featured_media":61560,"template":"","meta":[],"product_cat":[2001],"product_tag":[],"class_list":["post-61559","product","type-product","status-publish","has-post-thumbnail","hentry","product_cat-wine","pa_country-france","pa_region-rhone","pa_tips-white-wine","pa_varietal-marsanne","pa_varietal-roussane","pa_vendor-domaine-bernard-gripa","pa_village-saint-peray"],"acf":[],"_links":{"self":[{"href":"https:\/\/nwold.test.decotec.lv\/en\/wp-json\/wp\/v2\/product\/61559"}],"collection":[{"href":"https:\/\/nwold.test.decotec.lv\/en\/wp-json\/wp\/v2\/product"}],"about":[{"href":"https:\/\/nwold.test.decotec.lv\/en\/wp-json\/wp\/v2\/types\/product"}],"wp:featuredmedia":[{"embeddable":true,"href":"https:\/\/nwold.test.decotec.lv\/en\/wp-json\/wp\/v2\/media\/61560"}],"wp:attachment":[{"href":"https:\/\/nwold.test.decotec.lv\/en\/wp-json\/wp\/v2\/media?parent=61559"}],"wp:term":[{"taxonomy":"product_cat","embeddable":true,"href":"https:\/\/nwold.test.decotec.lv\/en\/wp-json\/wp\/v2\/product_cat?post=61559"},{"taxonomy":"product_tag","embeddable":true,"href":"https:\/\/nwold.test.decotec.lv\/en\/wp-json\/wp\/v2\/product_tag?post=61559"}],"curies":[{"name":"wp","href":"https:\/\/api.w.org\/{rel}","templated":true}]}}