{"id":61642,"date":"2023-07-18T14:38:57","date_gmt":"2023-07-18T11:38:57","guid":{"rendered":"https:\/\/noblewine.lv\/?post_type=product&#038;p=61642"},"modified":"2024-05-24T23:01:28","modified_gmt":"2024-05-24T20:01:28","slug":"corton-charlemagne-grand-cru-2019-blanc","status":"publish","type":"product","link":"https:\/\/nwold.test.decotec.lv\/en\/catalog\/wine\/corton-charlemagne-grand-cru-2019-blanc\/","title":{"rendered":"Corton Charlemagne Grand Cru 2019 Blanc"},"content":{"rendered":"","protected":false},"excerpt":{"rendered":"<p>&#8220;Arom\u0101t\u0101 j\u016btamas balto ziedu, citrusu, negatava za\u013c\u0101 \u0101bola un mitra kr\u012bta notis. Gar\u0161\u0101 v\u012bns ir sauss, miner\u0101ls, sul\u012bgs, svaigumu ar izteiktu intensit\u0101ti un ilgu p\u0113cgar\u0161u.&#8221; \u2014 Ronalds P\u0113tersons, &#8220;Noble Wine&#8221; somelj\u0113<\/p>\n","protected":false},"featured_media":0,"template":"","meta":[],"product_cat":[2001],"product_tag":[2795],"class_list":["post-61642","product","type-product","status-publish","hentry","product_cat-wine","product_tag-biggest-saving","pa_country-france","pa_region-burgundy","pa_tips-white-wine","pa_varietal-chardonnay","pa_vendor-vincent-girardin-en","pa_village-aloxe-corton"],"acf":[],"_links":{"self":[{"href":"https:\/\/nwold.test.decotec.lv\/en\/wp-json\/wp\/v2\/product\/61642"}],"collection":[{"href":"https:\/\/nwold.test.decotec.lv\/en\/wp-json\/wp\/v2\/product"}],"about":[{"href":"https:\/\/nwold.test.decotec.lv\/en\/wp-json\/wp\/v2\/types\/product"}],"wp:attachment":[{"href":"https:\/\/nwold.test.decotec.lv\/en\/wp-json\/wp\/v2\/media?parent=61642"}],"wp:term":[{"taxonomy":"product_cat","embeddable":true,"href":"https:\/\/nwold.test.decotec.lv\/en\/wp-json\/wp\/v2\/product_cat?post=61642"},{"taxonomy":"product_tag","embeddable":true,"href":"https:\/\/nwold.test.decotec.lv\/en\/wp-json\/wp\/v2\/product_tag?post=61642"}],"curies":[{"name":"wp","href":"https:\/\/api.w.org\/{rel}","templated":true}]}}