{"id":61648,"date":"2023-07-18T15:08:51","date_gmt":"2023-07-18T12:08:51","guid":{"rendered":"https:\/\/noblewine.lv\/?post_type=product&#038;p=61648"},"modified":"2024-05-20T12:36:45","modified_gmt":"2024-05-20T09:36:45","slug":"volnay-1er-cru-santenots-2017-rouge","status":"publish","type":"product","link":"https:\/\/nwold.test.decotec.lv\/en\/catalog\/wine\/volnay-1er-cru-santenots-2017-rouge\/","title":{"rendered":"Volnay 1er Cru &#8220;Santenots&#8221; 2017 Rouge"},"content":{"rendered":"","protected":false},"excerpt":{"rendered":"<p>&#8220;Arom\u0101ts ir \u013coti maigs ar gatavu ave\u0146u, zeme\u0146u un \u0137ir\u0161u not\u012bm. Gar\u0161a ir sul\u012bga un v\u012bn\u0101 ir j\u016btamas \u0137ir\u0161u, zeme\u0146u un d\u016bmu notis. Izcils v\u012bns katrai dienai.&#8221;  \u2014 Ronalds P\u0113tersons, &#8220;Noble Wine&#8221; somelj\u0113<\/p>\n","protected":false},"featured_media":0,"template":"","meta":[],"product_cat":[2001],"product_tag":[],"class_list":["post-61648","product","type-product","status-publish","hentry","product_cat-wine","pa_region-burgundy","pa_tips-red-wine","pa_varietal-pinot-noir","pa_vendor-vincent-girardin-en","pa_village-volnay"],"acf":[],"_links":{"self":[{"href":"https:\/\/nwold.test.decotec.lv\/en\/wp-json\/wp\/v2\/product\/61648"}],"collection":[{"href":"https:\/\/nwold.test.decotec.lv\/en\/wp-json\/wp\/v2\/product"}],"about":[{"href":"https:\/\/nwold.test.decotec.lv\/en\/wp-json\/wp\/v2\/types\/product"}],"wp:attachment":[{"href":"https:\/\/nwold.test.decotec.lv\/en\/wp-json\/wp\/v2\/media?parent=61648"}],"wp:term":[{"taxonomy":"product_cat","embeddable":true,"href":"https:\/\/nwold.test.decotec.lv\/en\/wp-json\/wp\/v2\/product_cat?post=61648"},{"taxonomy":"product_tag","embeddable":true,"href":"https:\/\/nwold.test.decotec.lv\/en\/wp-json\/wp\/v2\/product_tag?post=61648"}],"curies":[{"name":"wp","href":"https:\/\/api.w.org\/{rel}","templated":true}]}}