{"id":61767,"date":"2023-07-28T13:51:10","date_gmt":"2023-07-28T10:51:10","guid":{"rendered":"https:\/\/noblewine.lv\/catalog\/uncategorized\/anjou-clos-de-la-casse-2021\/"},"modified":"2024-04-24T09:41:12","modified_gmt":"2024-04-24T06:41:12","slug":"anjou-clos-de-la-casse-2021","status":"publish","type":"product","link":"https:\/\/nwold.test.decotec.lv\/en\/catalog\/wine\/anjou-clos-de-la-casse-2021\/","title":{"rendered":"Anjou &#8220;Clos de la Casse&#8221; 2021"},"content":{"rendered":"","protected":false},"excerpt":{"rendered":"<p>&#8220;Arom\u0101ts ir elegants, ar flo\u0101l\u0101m not\u012bm. Gar\u0161\u0101 v\u012bns ir intens\u012bvs, svaigs, ar p\u013cavas ziedu un vani\u013cas nians\u0113m.&#8221; \u2014 Ronalds P\u0113tersons, &#8220;Noble Wine&#8221; somelj\u0113<\/p>\n","protected":false},"featured_media":60883,"template":"","meta":[],"product_cat":[2001],"product_tag":[],"class_list":["post-61767","product","type-product","status-publish","has-post-thumbnail","hentry","product_cat-wine","pa_country-france","pa_region-loire","pa_tips-white-wine","pa_varietal-chenin-blanc","pa_vendor-domaine-des-deux-vallees-en","pa_village-anjou-en"],"acf":[],"_links":{"self":[{"href":"https:\/\/nwold.test.decotec.lv\/en\/wp-json\/wp\/v2\/product\/61767"}],"collection":[{"href":"https:\/\/nwold.test.decotec.lv\/en\/wp-json\/wp\/v2\/product"}],"about":[{"href":"https:\/\/nwold.test.decotec.lv\/en\/wp-json\/wp\/v2\/types\/product"}],"wp:featuredmedia":[{"embeddable":true,"href":"https:\/\/nwold.test.decotec.lv\/en\/wp-json\/wp\/v2\/media\/60883"}],"wp:attachment":[{"href":"https:\/\/nwold.test.decotec.lv\/en\/wp-json\/wp\/v2\/media?parent=61767"}],"wp:term":[{"taxonomy":"product_cat","embeddable":true,"href":"https:\/\/nwold.test.decotec.lv\/en\/wp-json\/wp\/v2\/product_cat?post=61767"},{"taxonomy":"product_tag","embeddable":true,"href":"https:\/\/nwold.test.decotec.lv\/en\/wp-json\/wp\/v2\/product_tag?post=61767"}],"curies":[{"name":"wp","href":"https:\/\/api.w.org\/{rel}","templated":true}]}}