{"id":61806,"date":"2023-07-31T16:34:50","date_gmt":"2023-07-31T13:34:50","guid":{"rendered":"https:\/\/noblewine.lv\/catalog\/uncategorized\/brut-nature-blanc-de-noirs-recolte-noire-zero-dosage-nv\/"},"modified":"2024-05-25T22:27:07","modified_gmt":"2024-05-25T19:27:07","slug":"brut-nature-blanc-de-noirs-recolte-noire-zero-dosage-nv","status":"publish","type":"product","link":"https:\/\/nwold.test.decotec.lv\/en\/catalog\/wine\/brut-nature-blanc-de-noirs-recolte-noire-zero-dosage-nv\/","title":{"rendered":"Brut Nature Blanc de Noirs &#8220;Recolte Noire Zero Dosage&#8221; NV"},"content":{"rendered":"","protected":false},"excerpt":{"rendered":"<p>&#8220;\u013boti bag\u0101t\u012bgs arom\u0101ts ar rudens \u0101bolu, vani\u013cas, maizes un rudens lapu not\u012bm. Gar\u0161a ir intens\u012bva, pies\u0101tin\u0101ta un kompleksa ar garu svaigu p\u0113cgar\u0161u.&#8221; \u2014 Ronalds P\u0113tersons, &#8220;Noble Wine&#8221; somelj\u0113<\/p>\n","protected":false},"featured_media":61807,"template":"","meta":[],"product_cat":[2001],"product_tag":[],"class_list":["post-61806","product","type-product","status-publish","has-post-thumbnail","hentry","product_cat-wine","pa_country-france","pa_region-champagne","pa_tips-sparkling-wine","pa_varietal-pinot-noir","pa_vendor-dosnon","pa_village-blanc-de-noirs"],"acf":[],"_links":{"self":[{"href":"https:\/\/nwold.test.decotec.lv\/en\/wp-json\/wp\/v2\/product\/61806"}],"collection":[{"href":"https:\/\/nwold.test.decotec.lv\/en\/wp-json\/wp\/v2\/product"}],"about":[{"href":"https:\/\/nwold.test.decotec.lv\/en\/wp-json\/wp\/v2\/types\/product"}],"wp:featuredmedia":[{"embeddable":true,"href":"https:\/\/nwold.test.decotec.lv\/en\/wp-json\/wp\/v2\/media\/61807"}],"wp:attachment":[{"href":"https:\/\/nwold.test.decotec.lv\/en\/wp-json\/wp\/v2\/media?parent=61806"}],"wp:term":[{"taxonomy":"product_cat","embeddable":true,"href":"https:\/\/nwold.test.decotec.lv\/en\/wp-json\/wp\/v2\/product_cat?post=61806"},{"taxonomy":"product_tag","embeddable":true,"href":"https:\/\/nwold.test.decotec.lv\/en\/wp-json\/wp\/v2\/product_tag?post=61806"}],"curies":[{"name":"wp","href":"https:\/\/api.w.org\/{rel}","templated":true}]}}