{"id":61826,"date":"2023-07-25T10:30:25","date_gmt":"2023-07-25T07:30:25","guid":{"rendered":"https:\/\/noblewine.lv\/catalog\/uncategorized\/brut-blanc-de-blancs-nv-4\/"},"modified":"2024-05-27T12:30:25","modified_gmt":"2024-05-27T09:30:25","slug":"brut-blanc-de-blancs-nv-4","status":"publish","type":"product","link":"https:\/\/nwold.test.decotec.lv\/en\/catalog\/wine\/brut-blanc-de-blancs-nv-4\/","title":{"rendered":"Brut Blanc de Blancs NV"},"content":{"rendered":"","protected":false},"excerpt":{"rendered":"<p>&#8220;Arom\u0101t\u0101 j\u016btamas balto ziedu, negatavu za\u013co \u0101bolu un ka\u013c\u0137a notis. Gar\u0161\u0101 j\u016btama kr\u0113m\u012bguma un svaiguma kombin\u0101cija. Ekspres\u012bvs v\u012bns ar izteiktu raksturu.&#8221; \u2014 Ronalds P\u0113tersons, &#8220;Noble Wine&#8221; somelj\u0113<\/p>\n","protected":false},"featured_media":61827,"template":"","meta":[],"product_cat":[2001],"product_tag":[2833],"class_list":["post-61826","product","type-product","status-publish","has-post-thumbnail","hentry","product_cat-wine","product_tag-new-arrivals","pa_country-france","pa_region-champagne","pa_tips-sparkling-wine","pa_varietal-chardonnay","pa_vendor-pierre-courtois-en","pa_village-blanc-de-blancs"],"acf":[],"_links":{"self":[{"href":"https:\/\/nwold.test.decotec.lv\/en\/wp-json\/wp\/v2\/product\/61826"}],"collection":[{"href":"https:\/\/nwold.test.decotec.lv\/en\/wp-json\/wp\/v2\/product"}],"about":[{"href":"https:\/\/nwold.test.decotec.lv\/en\/wp-json\/wp\/v2\/types\/product"}],"wp:featuredmedia":[{"embeddable":true,"href":"https:\/\/nwold.test.decotec.lv\/en\/wp-json\/wp\/v2\/media\/61827"}],"wp:attachment":[{"href":"https:\/\/nwold.test.decotec.lv\/en\/wp-json\/wp\/v2\/media?parent=61826"}],"wp:term":[{"taxonomy":"product_cat","embeddable":true,"href":"https:\/\/nwold.test.decotec.lv\/en\/wp-json\/wp\/v2\/product_cat?post=61826"},{"taxonomy":"product_tag","embeddable":true,"href":"https:\/\/nwold.test.decotec.lv\/en\/wp-json\/wp\/v2\/product_tag?post=61826"}],"curies":[{"name":"wp","href":"https:\/\/api.w.org\/{rel}","templated":true}]}}