{"id":61842,"date":"2023-08-02T10:04:13","date_gmt":"2023-08-02T07:04:13","guid":{"rendered":"https:\/\/noblewine.lv\/catalog\/uncategorized\/brut-blanc-de-noirs-recolte-noire-nv-magnum\/"},"modified":"2024-05-17T08:17:55","modified_gmt":"2024-05-17T05:17:55","slug":"brut-blanc-de-noirs-recolte-noire-nv-magnum","status":"publish","type":"product","link":"https:\/\/nwold.test.decotec.lv\/en\/catalog\/wine\/brut-blanc-de-noirs-recolte-noire-nv-magnum\/","title":{"rendered":"Brut Blanc de Noirs &#8220;Recolte Noire&#8221; NV Magnum"},"content":{"rendered":"","protected":false},"excerpt":{"rendered":"<p>&#8220;\u013boti bag\u0101t\u012bgs arom\u0101ts ar rudens \u0101bolu, vani\u013cas, maizes un rudens lapu not\u012bm. Gar\u0161a ir intens\u012bva, pies\u0101tin\u0101ta un kompleksa ar garu svaigu p\u0113cgar\u0161u.&#8221; \u2014 Ronalds P\u0113tersons, &#8220;Noble Wine&#8221; somelj\u0113<\/p>\n","protected":false},"featured_media":57151,"template":"","meta":[],"product_cat":[2001],"product_tag":[],"class_list":["post-61842","product","type-product","status-publish","has-post-thumbnail","hentry","product_cat-wine","pa_country-france","pa_region-champagne","pa_tips-sparkling-wine","pa_varietal-pinot-noir","pa_vendor-dosnon","pa_village-blanc-de-noirs"],"acf":[],"_links":{"self":[{"href":"https:\/\/nwold.test.decotec.lv\/en\/wp-json\/wp\/v2\/product\/61842"}],"collection":[{"href":"https:\/\/nwold.test.decotec.lv\/en\/wp-json\/wp\/v2\/product"}],"about":[{"href":"https:\/\/nwold.test.decotec.lv\/en\/wp-json\/wp\/v2\/types\/product"}],"wp:featuredmedia":[{"embeddable":true,"href":"https:\/\/nwold.test.decotec.lv\/en\/wp-json\/wp\/v2\/media\/57151"}],"wp:attachment":[{"href":"https:\/\/nwold.test.decotec.lv\/en\/wp-json\/wp\/v2\/media?parent=61842"}],"wp:term":[{"taxonomy":"product_cat","embeddable":true,"href":"https:\/\/nwold.test.decotec.lv\/en\/wp-json\/wp\/v2\/product_cat?post=61842"},{"taxonomy":"product_tag","embeddable":true,"href":"https:\/\/nwold.test.decotec.lv\/en\/wp-json\/wp\/v2\/product_tag?post=61842"}],"curies":[{"name":"wp","href":"https:\/\/api.w.org\/{rel}","templated":true}]}}