{"id":61894,"date":"2023-07-07T16:33:28","date_gmt":"2023-07-07T13:33:28","guid":{"rendered":"https:\/\/noblewine.lv\/catalog\/uncategorized\/chevauchet-brut-joyeuse-nv-magnum\/"},"modified":"2024-04-29T08:22:25","modified_gmt":"2024-04-29T05:22:25","slug":"chevauchet-brut-joyeuse-nv-magnum","status":"publish","type":"product","link":"https:\/\/nwold.test.decotec.lv\/en\/catalog\/wine\/chevauchet-brut-joyeuse-nv-magnum\/","title":{"rendered":"Brut &#8220;Joyeuse&#8221; NV Magnum"},"content":{"rendered":"","protected":false},"excerpt":{"rendered":"<p>&#8220;Arom\u0101t\u0101 atkl\u0101jas bumbieru, ceptu \u0101bolu un pl\u0101tsmaizes notis. Gar\u0161\u0101 j\u016btamas sarkano \u0101bolu, persiku un mandar\u012bnkoka ziedu nianses.&#8221; &#8211; Ronalds P\u0113tersons, Noble Wine somelj\u0113.<\/p>\n","protected":false},"featured_media":61891,"template":"","meta":[],"product_cat":[2001],"product_tag":[],"class_list":["post-61894","product","type-product","status-publish","has-post-thumbnail","hentry","product_cat-wine","pa_country-france","pa_region-champagne","pa_varietal-chardonnay","pa_varietal-pinot-meunier","pa_vendor-pinot-chevauchet-en","pa_village-brut"],"acf":[],"_links":{"self":[{"href":"https:\/\/nwold.test.decotec.lv\/en\/wp-json\/wp\/v2\/product\/61894"}],"collection":[{"href":"https:\/\/nwold.test.decotec.lv\/en\/wp-json\/wp\/v2\/product"}],"about":[{"href":"https:\/\/nwold.test.decotec.lv\/en\/wp-json\/wp\/v2\/types\/product"}],"wp:featuredmedia":[{"embeddable":true,"href":"https:\/\/nwold.test.decotec.lv\/en\/wp-json\/wp\/v2\/media\/61891"}],"wp:attachment":[{"href":"https:\/\/nwold.test.decotec.lv\/en\/wp-json\/wp\/v2\/media?parent=61894"}],"wp:term":[{"taxonomy":"product_cat","embeddable":true,"href":"https:\/\/nwold.test.decotec.lv\/en\/wp-json\/wp\/v2\/product_cat?post=61894"},{"taxonomy":"product_tag","embeddable":true,"href":"https:\/\/nwold.test.decotec.lv\/en\/wp-json\/wp\/v2\/product_tag?post=61894"}],"curies":[{"name":"wp","href":"https:\/\/api.w.org\/{rel}","templated":true}]}}