{"id":62022,"date":"2023-08-24T13:40:45","date_gmt":"2023-08-24T10:40:45","guid":{"rendered":"https:\/\/noblewine.lv\/?post_type=product&#038;p=62022"},"modified":"2024-05-21T22:25:31","modified_gmt":"2024-05-21T19:25:31","slug":"pouilly-fuisse-1er-cru-vignes-blanches-2022-blanc","status":"publish","type":"product","link":"https:\/\/nwold.test.decotec.lv\/en\/catalog\/wine\/pouilly-fuisse-1er-cru-vignes-blanches-2022-blanc\/","title":{"rendered":"Pouilly-Fuisse 1er Cru &#8220;Vignes Blanches&#8221; 2022 Blanc"},"content":{"rendered":"","protected":false},"excerpt":{"rendered":"<p>&#8220;Arom\u0101t\u0101 j\u016btamas balto ziedu, citrona mizas, akmens un griepfr\u016bta notis. Gar\u0161\u0101 v\u012bns ir ekspres\u012bvs, apa\u013c\u0161 ar e\u013c\u013cainu tekst\u016bru un ilgu p\u0113cgar\u0161u.&#8221; \u2014 Ronalds P\u0113tersons, &#8220;Noble Wine&#8221; somelj\u0113<\/p>\n","protected":false},"featured_media":0,"template":"","meta":[],"product_cat":[2001],"product_tag":[],"class_list":["post-62022","product","type-product","status-publish","hentry","product_cat-wine","pa_region-burgundy","pa_tips-white-wine","pa_varietal-chardonnay","pa_vendor-domaine-la-soufrandise","pa_village-maconnais"],"acf":[],"_links":{"self":[{"href":"https:\/\/nwold.test.decotec.lv\/en\/wp-json\/wp\/v2\/product\/62022"}],"collection":[{"href":"https:\/\/nwold.test.decotec.lv\/en\/wp-json\/wp\/v2\/product"}],"about":[{"href":"https:\/\/nwold.test.decotec.lv\/en\/wp-json\/wp\/v2\/types\/product"}],"wp:attachment":[{"href":"https:\/\/nwold.test.decotec.lv\/en\/wp-json\/wp\/v2\/media?parent=62022"}],"wp:term":[{"taxonomy":"product_cat","embeddable":true,"href":"https:\/\/nwold.test.decotec.lv\/en\/wp-json\/wp\/v2\/product_cat?post=62022"},{"taxonomy":"product_tag","embeddable":true,"href":"https:\/\/nwold.test.decotec.lv\/en\/wp-json\/wp\/v2\/product_tag?post=62022"}],"curies":[{"name":"wp","href":"https:\/\/api.w.org\/{rel}","templated":true}]}}