{"id":62036,"date":"2023-08-15T11:39:00","date_gmt":"2023-08-15T08:39:00","guid":{"rendered":"https:\/\/noblewine.lv\/catalog\/uncategorized\/cipsi-ar-skinka-garsu-130gr\/"},"modified":"2024-05-24T23:02:49","modified_gmt":"2024-05-24T20:02:49","slug":"cipsi-ar-skinka-garsu-130gr","status":"publish","type":"product","link":"https:\/\/nwold.test.decotec.lv\/en\/catalog\/food\/cipsi-ar-skinka-garsu-130gr\/","title":{"rendered":"\u010cipsi ar \u0161\u0137i\u0146\u0137a gar\u0161u 130gr"},"content":{"rendered":"","protected":false},"excerpt":{"rendered":"<p>Kartupe\u013cu \u010dipsi. Sast\u0101vs: kartupe\u013ci,<br \/>\nsaulespu\u0137u e\u013c\u013ca, s\u0101ls, aromatiz\u0113t\u0101ji. 100 g. produkta<br \/>\nuzturv\u0113rt\u012bba: ener\u0123\u0113tisk\u0101 v\u0113rt\u012bba 2170kJ\/522kcal;<br \/>\ntauki 31.8g, tostarp pies\u0101tin\u0101t\u0101s tauksk\u0101bes 3.6g;<br \/>\nog\u013chidr\u0101ti 55.6g; no tiem cukurs &lt;1g; olbaltumvielas<br \/>\n6.7g; s\u0101ls 0.61g. Svars 130 gr.<br \/>\nIeteicams l\u012bdz: Sk.uz iepakojuma<br \/>\nRa\u017eots Sp\u0101nij\u0101. Izplat\u012bt\u0101js:SIA \u201cNoble Wine\u201d,<br \/>\nElizabetes 33, R\u012bga, LV-1010, +37120102020<\/p>\n","protected":false},"featured_media":62037,"template":"","meta":[],"product_cat":[4688],"product_tag":[],"class_list":["post-62036","product","type-product","status-publish","has-post-thumbnail","hentry","product_cat-food","pa_country-spain","pa_vendor-quillo-en"],"acf":[],"_links":{"self":[{"href":"https:\/\/nwold.test.decotec.lv\/en\/wp-json\/wp\/v2\/product\/62036"}],"collection":[{"href":"https:\/\/nwold.test.decotec.lv\/en\/wp-json\/wp\/v2\/product"}],"about":[{"href":"https:\/\/nwold.test.decotec.lv\/en\/wp-json\/wp\/v2\/types\/product"}],"wp:featuredmedia":[{"embeddable":true,"href":"https:\/\/nwold.test.decotec.lv\/en\/wp-json\/wp\/v2\/media\/62037"}],"wp:attachment":[{"href":"https:\/\/nwold.test.decotec.lv\/en\/wp-json\/wp\/v2\/media?parent=62036"}],"wp:term":[{"taxonomy":"product_cat","embeddable":true,"href":"https:\/\/nwold.test.decotec.lv\/en\/wp-json\/wp\/v2\/product_cat?post=62036"},{"taxonomy":"product_tag","embeddable":true,"href":"https:\/\/nwold.test.decotec.lv\/en\/wp-json\/wp\/v2\/product_tag?post=62036"}],"curies":[{"name":"wp","href":"https:\/\/api.w.org\/{rel}","templated":true}]}}