{"id":62050,"date":"2023-08-15T11:39:05","date_gmt":"2023-08-15T08:39:05","guid":{"rendered":"https:\/\/noblewine.lv\/catalog\/uncategorized\/cipsi-ar-manchego-siera-garsu-quillo-130gr\/"},"modified":"2024-05-20T17:34:26","modified_gmt":"2024-05-20T14:34:26","slug":"cipsi-ar-manchego-siera-garsu-quillo-130gr","status":"publish","type":"product","link":"https:\/\/nwold.test.decotec.lv\/en\/catalog\/food\/cipsi-ar-manchego-siera-garsu-quillo-130gr\/","title":{"rendered":"\u010cipsi ar Manchego siera gar\u0161u 130gr"},"content":{"rendered":"","protected":false},"excerpt":{"rendered":"<p>Kartupe\u013cu \u010dipsi. Sast\u0101vs: kartupe\u013ci, saulespu\u0137u<br \/>\ne\u013c\u013ca, aromatiz\u0113t\u0101ji: glikozes s\u012brups, s\u0101ls, maltodekstr\u012bns.<br \/>\n100 g. produkta uzturv\u0113rt\u012bba: ener\u0123\u0113tisk\u0101 v\u0113rt\u012bba<br \/>\n2238kJ\/535kcal; tauki 32.1g, tostarp pies\u0101tin\u0101t\u0101s<br \/>\ntauksk\u0101bes 3.6g; og\u013chidr\u0101ti 57 g; no tiem cukurs<br \/>\n&lt;1g; olbaltumvielas 7.14g; s\u0101ls 0.4g. Svars 130 gr.<br \/>\nIeteicams l\u012bdz: Sk.uz iepakojuma<br \/>\nRa\u017eots Sp\u0101nij\u0101. Izplat\u012bt\u0101js:SIA \u201cNoble Wine\u201d,<br \/>\nElizabetes 33, R\u012bga, LV-1010, +37120102020<\/p>\n","protected":false},"featured_media":62051,"template":"","meta":[],"product_cat":[4688],"product_tag":[],"class_list":["post-62050","product","type-product","status-publish","has-post-thumbnail","hentry","product_cat-food","pa_country-spain","pa_vendor-quillo-en"],"acf":[],"_links":{"self":[{"href":"https:\/\/nwold.test.decotec.lv\/en\/wp-json\/wp\/v2\/product\/62050"}],"collection":[{"href":"https:\/\/nwold.test.decotec.lv\/en\/wp-json\/wp\/v2\/product"}],"about":[{"href":"https:\/\/nwold.test.decotec.lv\/en\/wp-json\/wp\/v2\/types\/product"}],"wp:featuredmedia":[{"embeddable":true,"href":"https:\/\/nwold.test.decotec.lv\/en\/wp-json\/wp\/v2\/media\/62051"}],"wp:attachment":[{"href":"https:\/\/nwold.test.decotec.lv\/en\/wp-json\/wp\/v2\/media?parent=62050"}],"wp:term":[{"taxonomy":"product_cat","embeddable":true,"href":"https:\/\/nwold.test.decotec.lv\/en\/wp-json\/wp\/v2\/product_cat?post=62050"},{"taxonomy":"product_tag","embeddable":true,"href":"https:\/\/nwold.test.decotec.lv\/en\/wp-json\/wp\/v2\/product_tag?post=62050"}],"curies":[{"name":"wp","href":"https:\/\/api.w.org\/{rel}","templated":true}]}}