{"id":62085,"date":"2023-07-21T14:24:34","date_gmt":"2023-07-21T11:24:34","guid":{"rendered":"https:\/\/noblewine.lv\/catalog\/uncategorized\/chablis-1er-cru-vaillon-2010\/"},"modified":"2024-05-27T12:30:24","modified_gmt":"2024-05-27T09:30:24","slug":"chablis-1er-cru-vaillon-2010","status":"publish","type":"product","link":"https:\/\/nwold.test.decotec.lv\/en\/catalog\/wine\/chablis-1er-cru-vaillon-2010\/","title":{"rendered":"Chablis 1er Cru &#8220;Vaillon&#8221; 2010"},"content":{"rendered":"","protected":false},"excerpt":{"rendered":"<p>&#8220;V\u012bnam piem\u012bt miner\u0101lu, svaigu aug\u013cu un bergamota notis. Spilgts v\u012bns. P\u0113cgar\u0161\u0101 jau\u0161ams sk\u0101bums, kas nor\u0101da uz lielisku miner\u0101lu strukt\u016bru.&#8221; \u2014 Ronalds P\u0113tersons, &#8220;Noble Wine&#8221; somelj\u0113<\/p>\n","protected":false},"featured_media":62086,"template":"","meta":[],"product_cat":[2001],"product_tag":[],"class_list":["post-62085","product","type-product","status-publish","has-post-thumbnail","hentry","product_cat-wine","pa_country-france","pa_tips-white-wine","pa_varietal-chardonnay","pa_vendor-daniel-etienne-defaix-en","pa_village-chablis"],"acf":[],"_links":{"self":[{"href":"https:\/\/nwold.test.decotec.lv\/en\/wp-json\/wp\/v2\/product\/62085"}],"collection":[{"href":"https:\/\/nwold.test.decotec.lv\/en\/wp-json\/wp\/v2\/product"}],"about":[{"href":"https:\/\/nwold.test.decotec.lv\/en\/wp-json\/wp\/v2\/types\/product"}],"wp:featuredmedia":[{"embeddable":true,"href":"https:\/\/nwold.test.decotec.lv\/en\/wp-json\/wp\/v2\/media\/62086"}],"wp:attachment":[{"href":"https:\/\/nwold.test.decotec.lv\/en\/wp-json\/wp\/v2\/media?parent=62085"}],"wp:term":[{"taxonomy":"product_cat","embeddable":true,"href":"https:\/\/nwold.test.decotec.lv\/en\/wp-json\/wp\/v2\/product_cat?post=62085"},{"taxonomy":"product_tag","embeddable":true,"href":"https:\/\/nwold.test.decotec.lv\/en\/wp-json\/wp\/v2\/product_tag?post=62085"}],"curies":[{"name":"wp","href":"https:\/\/api.w.org\/{rel}","templated":true}]}}