{"id":62275,"date":"2023-09-05T17:40:48","date_gmt":"2023-09-05T14:40:48","guid":{"rendered":"https:\/\/noblewine.lv\/catalog\/uncategorized\/chateauneuf-du-pape-tradition-2020-2\/"},"modified":"2024-05-15T08:42:00","modified_gmt":"2024-05-15T05:42:00","slug":"chateauneuf-du-pape-tradition-2020-2","status":"publish","type":"product","link":"https:\/\/nwold.test.decotec.lv\/en\/catalog\/wine\/chateauneuf-du-pape-tradition-2020-2\/","title":{"rendered":"Chateauneuf-du-Pape &#8220;Tradition&#8221; 2020"},"content":{"rendered":"","protected":false},"excerpt":{"rendered":"<p>&#8220;Arom\u0101ts ir pies\u0101tin\u0101ts ar pl\u016bmju, kaze\u0146u, lakricas un d\u016bmu not\u012bm. Gar\u0161\u0101 v\u012bns ir tum\u012bgs, pilnmies\u012bgs un koncentr\u0113ts. Tan\u012bni ir maigi, akt\u012bvi. P\u0113cgar\u0161a ir \u013coti ilga. &#8221; \u2014 Ronalds P\u0113tersons, &#8220;Noble Wine&#8221; somelj\u0113<\/p>\n","protected":false},"featured_media":37920,"template":"","meta":[],"product_cat":[2001],"product_tag":[],"class_list":["post-62275","product","type-product","status-publish","has-post-thumbnail","hentry","product_cat-wine","pa_country-france","pa_region-rhone","pa_tips-red-wine","pa_varietal-grenache","pa_varietal-mourvedre","pa_varietal-syrah","pa_vendor-domaine-de-la-janasse","pa_village-chateauneuf-du-pape"],"acf":[],"_links":{"self":[{"href":"https:\/\/nwold.test.decotec.lv\/en\/wp-json\/wp\/v2\/product\/62275"}],"collection":[{"href":"https:\/\/nwold.test.decotec.lv\/en\/wp-json\/wp\/v2\/product"}],"about":[{"href":"https:\/\/nwold.test.decotec.lv\/en\/wp-json\/wp\/v2\/types\/product"}],"wp:featuredmedia":[{"embeddable":true,"href":"https:\/\/nwold.test.decotec.lv\/en\/wp-json\/wp\/v2\/media\/37920"}],"wp:attachment":[{"href":"https:\/\/nwold.test.decotec.lv\/en\/wp-json\/wp\/v2\/media?parent=62275"}],"wp:term":[{"taxonomy":"product_cat","embeddable":true,"href":"https:\/\/nwold.test.decotec.lv\/en\/wp-json\/wp\/v2\/product_cat?post=62275"},{"taxonomy":"product_tag","embeddable":true,"href":"https:\/\/nwold.test.decotec.lv\/en\/wp-json\/wp\/v2\/product_tag?post=62275"}],"curies":[{"name":"wp","href":"https:\/\/api.w.org\/{rel}","templated":true}]}}