{"id":62285,"date":"2023-08-24T13:40:42","date_gmt":"2023-08-24T10:40:42","guid":{"rendered":"https:\/\/noblewine.lv\/catalog\/uncategorized\/pouilly-fuisse-vieilles-vignes-2022\/"},"modified":"2024-05-24T23:02:53","modified_gmt":"2024-05-24T20:02:53","slug":"pouilly-fuisse-vieilles-vignes-2022","status":"publish","type":"product","link":"https:\/\/nwold.test.decotec.lv\/en\/catalog\/wine\/pouilly-fuisse-vieilles-vignes-2022\/","title":{"rendered":"Pouilly-Fuisse &#8220;Vieilles Vignes&#8221; 2022"},"content":{"rendered":"","protected":false},"excerpt":{"rendered":"<p>&#8220;Arom\u0101t\u0101 j\u016btamas balto ziedu, citrona mizas, miner\u0101lu un griepfr\u016bta notis. Gar\u0161\u0101 v\u012bns ir ekspres\u012bvs, apa\u013c\u0161 ar sul\u012bgu tekst\u016bru un ilgu p\u0113cgar\u0161u.&#8221; \u2014 Ronalds P\u0113tersons, &#8220;Noble Wine&#8221; somelj\u0113<\/p>\n","protected":false},"featured_media":48443,"template":"","meta":[],"product_cat":[2001],"product_tag":[],"class_list":["post-62285","product","type-product","status-publish","has-post-thumbnail","hentry","product_cat-wine","pa_country-france","pa_tips-white-wine","pa_varietal-chardonnay","pa_vendor-domaine-la-soufrandise","pa_village-maconnais"],"acf":[],"_links":{"self":[{"href":"https:\/\/nwold.test.decotec.lv\/en\/wp-json\/wp\/v2\/product\/62285"}],"collection":[{"href":"https:\/\/nwold.test.decotec.lv\/en\/wp-json\/wp\/v2\/product"}],"about":[{"href":"https:\/\/nwold.test.decotec.lv\/en\/wp-json\/wp\/v2\/types\/product"}],"wp:featuredmedia":[{"embeddable":true,"href":"https:\/\/nwold.test.decotec.lv\/en\/wp-json\/wp\/v2\/media\/48443"}],"wp:attachment":[{"href":"https:\/\/nwold.test.decotec.lv\/en\/wp-json\/wp\/v2\/media?parent=62285"}],"wp:term":[{"taxonomy":"product_cat","embeddable":true,"href":"https:\/\/nwold.test.decotec.lv\/en\/wp-json\/wp\/v2\/product_cat?post=62285"},{"taxonomy":"product_tag","embeddable":true,"href":"https:\/\/nwold.test.decotec.lv\/en\/wp-json\/wp\/v2\/product_tag?post=62285"}],"curies":[{"name":"wp","href":"https:\/\/api.w.org\/{rel}","templated":true}]}}