{"id":62432,"date":"2023-09-22T15:09:54","date_gmt":"2023-09-22T12:09:54","guid":{"rendered":"https:\/\/noblewine.lv\/catalog\/uncategorized\/darsac-margaux-2021\/"},"modified":"2024-05-24T07:50:19","modified_gmt":"2024-05-24T04:50:19","slug":"darsac-margaux-2021","status":"publish","type":"product","link":"https:\/\/nwold.test.decotec.lv\/en\/catalog\/wine\/darsac-margaux-2021\/","title":{"rendered":"&#8220;d&#8217;Arsac&#8221; Margaux 2021"},"content":{"rendered":"","protected":false},"excerpt":{"rendered":"<p>&#8220;Arom\u0101t\u0101 j\u016btamas upe\u0146u, mentola un tum\u0161o \u0137ir\u0161u notis. Gar\u0161\u0101 v\u012bns ir vid\u0113jas miesas b\u016bves, sul\u012bgu upe\u0146u, pl\u016bmju un melnzemes nians\u0113m. Tan\u012bni ir akt\u012bvi.&#8221; \u2014 Ronalds P\u0113tersons, &#8220;Noble Wine&#8221; somelj\u0113<\/p>\n","protected":false},"featured_media":37995,"template":"","meta":[],"product_cat":[2001],"product_tag":[],"class_list":["post-62432","product","type-product","status-publish","has-post-thumbnail","hentry","product_cat-wine","pa_country-france","pa_region-bordeaux","pa_tips-red-wine","pa_varietal-cabernet-sauvignon","pa_varietal-merlot","pa_vendor-chateau-darsac","pa_village-margaux"],"acf":[],"_links":{"self":[{"href":"https:\/\/nwold.test.decotec.lv\/en\/wp-json\/wp\/v2\/product\/62432"}],"collection":[{"href":"https:\/\/nwold.test.decotec.lv\/en\/wp-json\/wp\/v2\/product"}],"about":[{"href":"https:\/\/nwold.test.decotec.lv\/en\/wp-json\/wp\/v2\/types\/product"}],"wp:featuredmedia":[{"embeddable":true,"href":"https:\/\/nwold.test.decotec.lv\/en\/wp-json\/wp\/v2\/media\/37995"}],"wp:attachment":[{"href":"https:\/\/nwold.test.decotec.lv\/en\/wp-json\/wp\/v2\/media?parent=62432"}],"wp:term":[{"taxonomy":"product_cat","embeddable":true,"href":"https:\/\/nwold.test.decotec.lv\/en\/wp-json\/wp\/v2\/product_cat?post=62432"},{"taxonomy":"product_tag","embeddable":true,"href":"https:\/\/nwold.test.decotec.lv\/en\/wp-json\/wp\/v2\/product_tag?post=62432"}],"curies":[{"name":"wp","href":"https:\/\/api.w.org\/{rel}","templated":true}]}}