{"id":62434,"date":"2023-09-22T15:09:57","date_gmt":"2023-09-22T12:09:57","guid":{"rendered":"https:\/\/noblewine.lv\/catalog\/uncategorized\/bellevue-st-emilion-gcc-2021\/"},"modified":"2024-04-16T20:04:48","modified_gmt":"2024-04-16T17:04:48","slug":"bellevue-st-emilion-gcc-2021","status":"publish","type":"product","link":"https:\/\/nwold.test.decotec.lv\/en\/catalog\/wine\/bellevue-st-emilion-gcc-2021\/","title":{"rendered":"&#8220;Bellevue&#8221; St.Emilion GCC 2021"},"content":{"rendered":"","protected":false},"excerpt":{"rendered":"<p>&#8220;Arom\u0101t\u0101 j\u016btamas saldo gar\u0161vielu, \u016bpe\u0146u, melno piparu un tabakas notis. Gar\u0161\u0101 v\u012bns ir vid\u0113jas miesas b\u016bves, apa\u013c\u0161 ar upe\u0146u, piparu un ciedra koka nians\u0113m. Meln\u0101s t\u0113jas tan\u012bni.&#8221; \u2014 Ronalds P\u0113tersons, &#8220;Noble Wine&#8221; somelj\u0113<\/p>\n","protected":false},"featured_media":48341,"template":"","meta":[],"product_cat":[2001],"product_tag":[],"class_list":["post-62434","product","type-product","status-publish","has-post-thumbnail","hentry","product_cat-wine","pa_country-france","pa_region-bordeaux","pa_tips-red-wine","pa_varietal-merlot","pa_vendor-chateau-bellevue","pa_village-saint-emilion"],"acf":[],"_links":{"self":[{"href":"https:\/\/nwold.test.decotec.lv\/en\/wp-json\/wp\/v2\/product\/62434"}],"collection":[{"href":"https:\/\/nwold.test.decotec.lv\/en\/wp-json\/wp\/v2\/product"}],"about":[{"href":"https:\/\/nwold.test.decotec.lv\/en\/wp-json\/wp\/v2\/types\/product"}],"wp:featuredmedia":[{"embeddable":true,"href":"https:\/\/nwold.test.decotec.lv\/en\/wp-json\/wp\/v2\/media\/48341"}],"wp:attachment":[{"href":"https:\/\/nwold.test.decotec.lv\/en\/wp-json\/wp\/v2\/media?parent=62434"}],"wp:term":[{"taxonomy":"product_cat","embeddable":true,"href":"https:\/\/nwold.test.decotec.lv\/en\/wp-json\/wp\/v2\/product_cat?post=62434"},{"taxonomy":"product_tag","embeddable":true,"href":"https:\/\/nwold.test.decotec.lv\/en\/wp-json\/wp\/v2\/product_tag?post=62434"}],"curies":[{"name":"wp","href":"https:\/\/api.w.org\/{rel}","templated":true}]}}