{"id":62437,"date":"2023-09-22T15:39:48","date_gmt":"2023-09-22T12:39:48","guid":{"rendered":"https:\/\/noblewine.lv\/catalog\/uncategorized\/fugue-de-nenin-pomerol-2021\/"},"modified":"2024-04-16T20:04:53","modified_gmt":"2024-04-16T17:04:53","slug":"fugue-de-nenin-pomerol-2021","status":"publish","type":"product","link":"https:\/\/nwold.test.decotec.lv\/en\/catalog\/wine\/fugue-de-nenin-pomerol-2021\/","title":{"rendered":"&#8220;Fugue de Nenin&#8221; Pomerol 2021"},"content":{"rendered":"","protected":false},"excerpt":{"rendered":"<p>&#8220;Arom\u0101t\u0101 j\u016btamas vani\u013cas, tum\u0161o ogu iev\u0101r\u012bjuma un \u0161okol\u0101des notis. Gar\u0161\u0101 v\u012bns ir sul\u012bgs ar upe\u0146u un tum\u0161o pl\u016bmju nians\u0113m. Tan\u012bni ir kr\u012btaini un akt\u012bvi.&#8221; \u2014 Ronalds P\u0113tersons, &#8220;Noble Wine&#8221; somelj\u0113<\/p>\n","protected":false},"featured_media":38851,"template":"","meta":[],"product_cat":[2001],"product_tag":[],"class_list":["post-62437","product","type-product","status-publish","has-post-thumbnail","hentry","product_cat-wine","pa_country-france","pa_region-bordeaux","pa_tips-red-wine","pa_varietal-cabernet-franc","pa_varietal-cabernet-sauvignon","pa_varietal-merlot","pa_vendor-chateau-nenin","pa_village-pomerol"],"acf":[],"_links":{"self":[{"href":"https:\/\/nwold.test.decotec.lv\/en\/wp-json\/wp\/v2\/product\/62437"}],"collection":[{"href":"https:\/\/nwold.test.decotec.lv\/en\/wp-json\/wp\/v2\/product"}],"about":[{"href":"https:\/\/nwold.test.decotec.lv\/en\/wp-json\/wp\/v2\/types\/product"}],"wp:featuredmedia":[{"embeddable":true,"href":"https:\/\/nwold.test.decotec.lv\/en\/wp-json\/wp\/v2\/media\/38851"}],"wp:attachment":[{"href":"https:\/\/nwold.test.decotec.lv\/en\/wp-json\/wp\/v2\/media?parent=62437"}],"wp:term":[{"taxonomy":"product_cat","embeddable":true,"href":"https:\/\/nwold.test.decotec.lv\/en\/wp-json\/wp\/v2\/product_cat?post=62437"},{"taxonomy":"product_tag","embeddable":true,"href":"https:\/\/nwold.test.decotec.lv\/en\/wp-json\/wp\/v2\/product_tag?post=62437"}],"curies":[{"name":"wp","href":"https:\/\/api.w.org\/{rel}","templated":true}]}}