{"id":62733,"date":"2023-10-24T16:01:25","date_gmt":"2023-10-24T13:01:25","guid":{"rendered":"https:\/\/noblewine.lv\/catalog\/uncategorized\/santenay-2016\/"},"modified":"2024-05-24T23:04:03","modified_gmt":"2024-05-24T20:04:03","slug":"santenay-2016","status":"publish","type":"product","link":"https:\/\/nwold.test.decotec.lv\/en\/catalog\/wine\/santenay-2016\/","title":{"rendered":"Santenay 2016"},"content":{"rendered":"","protected":false},"excerpt":{"rendered":"<p>&#8220;Arom\u0101t\u0101 j\u016btamas balto ziedu, citrusaug\u013cu un v\u012btin\u0101ta ananasa notis. Gar\u0161a ir svaiga, sul\u012bga, ar pl\u016b\u0161koka, citrusaug\u013cu un lazdu riekstu nians\u0113m&#8221;, \u2014 Ronalds P\u0113tersons, &#8220;Noble Wine&#8221; somelj\u0113<\/p>\n","protected":false},"featured_media":62734,"template":"","meta":[],"product_cat":[2001],"product_tag":[],"class_list":["post-62733","product","type-product","status-publish","has-post-thumbnail","hentry","product_cat-wine","pa_country-france","pa_region-burgundy","pa_tips-white-wine","pa_varietal-chardonnay","pa_vendor-maison-albert-bichot-en","pa_village-santenay"],"acf":[],"_links":{"self":[{"href":"https:\/\/nwold.test.decotec.lv\/en\/wp-json\/wp\/v2\/product\/62733"}],"collection":[{"href":"https:\/\/nwold.test.decotec.lv\/en\/wp-json\/wp\/v2\/product"}],"about":[{"href":"https:\/\/nwold.test.decotec.lv\/en\/wp-json\/wp\/v2\/types\/product"}],"wp:featuredmedia":[{"embeddable":true,"href":"https:\/\/nwold.test.decotec.lv\/en\/wp-json\/wp\/v2\/media\/62734"}],"wp:attachment":[{"href":"https:\/\/nwold.test.decotec.lv\/en\/wp-json\/wp\/v2\/media?parent=62733"}],"wp:term":[{"taxonomy":"product_cat","embeddable":true,"href":"https:\/\/nwold.test.decotec.lv\/en\/wp-json\/wp\/v2\/product_cat?post=62733"},{"taxonomy":"product_tag","embeddable":true,"href":"https:\/\/nwold.test.decotec.lv\/en\/wp-json\/wp\/v2\/product_tag?post=62733"}],"curies":[{"name":"wp","href":"https:\/\/api.w.org\/{rel}","templated":true}]}}