{"id":62763,"date":"2023-10-24T16:31:22","date_gmt":"2023-10-24T13:31:22","guid":{"rendered":"https:\/\/noblewine.lv\/catalog\/uncategorized\/morey-saint-denis-1er-cru-les-sorbets-2017\/"},"modified":"2024-05-20T12:37:01","modified_gmt":"2024-05-20T09:37:01","slug":"morey-saint-denis-1er-cru-les-sorbets-2017","status":"publish","type":"product","link":"https:\/\/nwold.test.decotec.lv\/en\/catalog\/wine\/morey-saint-denis-1er-cru-les-sorbets-2017\/","title":{"rendered":"Morey-Saint-Denis 1er Cru &#8220;Les Sorbets&#8221; 2017"},"content":{"rendered":"","protected":false},"excerpt":{"rendered":"<p>&#8220;Arom\u0101t\u0101 v\u012bns ir ekspres\u012bvs, ar tum\u0161o \u0137ir\u0161u, \u0101das un ozolkoka not\u012bm. Gar\u0161a sabalans\u0113ta, labi struktur\u0113ta, ar sarkano ogu un lakticas nians\u0113m, P\u0113cgar\u0161\u0101 ilga un aug\u013caina.&#8221; \u2014 Ronalds P\u0113tersons, &#8220;Noble Wine&#8221; somelj\u0113<\/p>\n","protected":false},"featured_media":62764,"template":"","meta":[],"product_cat":[2001],"product_tag":[],"class_list":["post-62763","product","type-product","status-publish","has-post-thumbnail","hentry","product_cat-wine","pa_region-burgundy","pa_tips-red-wine","pa_varietal-pinot-noir","pa_vendor-maison-albert-bichot-en","pa_village-morey-saint-denis"],"acf":[],"_links":{"self":[{"href":"https:\/\/nwold.test.decotec.lv\/en\/wp-json\/wp\/v2\/product\/62763"}],"collection":[{"href":"https:\/\/nwold.test.decotec.lv\/en\/wp-json\/wp\/v2\/product"}],"about":[{"href":"https:\/\/nwold.test.decotec.lv\/en\/wp-json\/wp\/v2\/types\/product"}],"wp:featuredmedia":[{"embeddable":true,"href":"https:\/\/nwold.test.decotec.lv\/en\/wp-json\/wp\/v2\/media\/62764"}],"wp:attachment":[{"href":"https:\/\/nwold.test.decotec.lv\/en\/wp-json\/wp\/v2\/media?parent=62763"}],"wp:term":[{"taxonomy":"product_cat","embeddable":true,"href":"https:\/\/nwold.test.decotec.lv\/en\/wp-json\/wp\/v2\/product_cat?post=62763"},{"taxonomy":"product_tag","embeddable":true,"href":"https:\/\/nwold.test.decotec.lv\/en\/wp-json\/wp\/v2\/product_tag?post=62763"}],"curies":[{"name":"wp","href":"https:\/\/api.w.org\/{rel}","templated":true}]}}