{"id":62885,"date":"2023-11-21T09:05:58","date_gmt":"2023-11-21T07:05:58","guid":{"rendered":"https:\/\/noblewine.lv\/?post_type=product&#038;p=62885"},"modified":"2024-05-22T12:14:44","modified_gmt":"2024-05-22T09:14:44","slug":"bio-vino-nobile-di-montepulciano-docg-2019-rosso-avi","status":"publish","type":"product","link":"https:\/\/nwold.test.decotec.lv\/en\/catalog\/wine\/bio-vino-nobile-di-montepulciano-docg-2019-rosso-avi\/","title":{"rendered":"BIO Vino Nobile di Montepulciano DOCG 2019 Rosso (AVI)"},"content":{"rendered":"","protected":false},"excerpt":{"rendered":"<p>&#8220;Arom\u0101t\u0101 j\u016btami tum\u012bgu ave\u0146u, za\u013co gar\u0161vielu un vani\u013cas notis. Gar\u0161a ir sul\u012bga, svaiga ar ave\u0146u un \u0137ir\u0161u nians\u0113m. P\u0113cgar\u0161a ir eleganta, notur\u012bga un maiga. Tan\u012bni ir maigi.&#8221; \u2014 Ronalds P\u0113tersons, &#8220;Noble Wine&#8221; somelj\u0113<\/p>\n","protected":false},"featured_media":0,"template":"","meta":[],"product_cat":[2001],"product_tag":[],"class_list":["post-62885","product","type-product","status-publish","hentry","product_cat-wine","pa_country-italy","pa_region-toscana","pa_tips-red-wine","pa_varietal-sangiovese","pa_vendor-avignonesi","pa_village-montelpulciano"],"acf":[],"_links":{"self":[{"href":"https:\/\/nwold.test.decotec.lv\/en\/wp-json\/wp\/v2\/product\/62885"}],"collection":[{"href":"https:\/\/nwold.test.decotec.lv\/en\/wp-json\/wp\/v2\/product"}],"about":[{"href":"https:\/\/nwold.test.decotec.lv\/en\/wp-json\/wp\/v2\/types\/product"}],"wp:attachment":[{"href":"https:\/\/nwold.test.decotec.lv\/en\/wp-json\/wp\/v2\/media?parent=62885"}],"wp:term":[{"taxonomy":"product_cat","embeddable":true,"href":"https:\/\/nwold.test.decotec.lv\/en\/wp-json\/wp\/v2\/product_cat?post=62885"},{"taxonomy":"product_tag","embeddable":true,"href":"https:\/\/nwold.test.decotec.lv\/en\/wp-json\/wp\/v2\/product_tag?post=62885"}],"curies":[{"name":"wp","href":"https:\/\/api.w.org\/{rel}","templated":true}]}}