{"id":63062,"date":"2023-09-25T14:35:14","date_gmt":"2023-09-25T11:35:14","guid":{"rendered":"https:\/\/noblewine.lv\/catalog\/uncategorized\/rioja-reserva-vina-bosconia-2012\/"},"modified":"2024-05-24T07:50:20","modified_gmt":"2024-05-24T04:50:20","slug":"rioja-reserva-vina-bosconia-2012","status":"publish","type":"product","link":"https:\/\/nwold.test.decotec.lv\/en\/catalog\/wine\/rioja-reserva-vina-bosconia-2012\/","title":{"rendered":"Rioja Reserva &#8220;Vina Bosconia&#8221; 2012"},"content":{"rendered":"","protected":false},"excerpt":{"rendered":"<p>&#8220;Arom\u0101t\u0101 j\u016btamas \u017e\u0101v\u0113tu \u0137ir\u0161u, pl\u016bmju un saldo gar\u0161vielu notis notis. Gar\u0161a ir eleganta, svaiga ar saldo gar\u0161vielu, \u0137ir\u0161u un tabakas not\u012bm. Tan\u012bni ir maigi un z\u012bdaini. P\u0113cgar\u0161a ir \u013coti gara.&#8221; \u2014 Ronalds P\u0113tersons, &#8220;Noble Wine&#8221; somelj\u0113<\/p>\n","protected":false},"featured_media":38610,"template":"","meta":[],"product_cat":[2001],"product_tag":[],"class_list":["post-63062","product","type-product","status-publish","has-post-thumbnail","hentry","product_cat-wine","pa_country-spain","pa_region-rioja","pa_tips-red-wine","pa_varietal-graciano","pa_varietal-mazuelo","pa_varietal-tempranillo","pa_vendor-r-lopez-de-heredia"],"acf":[],"_links":{"self":[{"href":"https:\/\/nwold.test.decotec.lv\/en\/wp-json\/wp\/v2\/product\/63062"}],"collection":[{"href":"https:\/\/nwold.test.decotec.lv\/en\/wp-json\/wp\/v2\/product"}],"about":[{"href":"https:\/\/nwold.test.decotec.lv\/en\/wp-json\/wp\/v2\/types\/product"}],"wp:featuredmedia":[{"embeddable":true,"href":"https:\/\/nwold.test.decotec.lv\/en\/wp-json\/wp\/v2\/media\/38610"}],"wp:attachment":[{"href":"https:\/\/nwold.test.decotec.lv\/en\/wp-json\/wp\/v2\/media?parent=63062"}],"wp:term":[{"taxonomy":"product_cat","embeddable":true,"href":"https:\/\/nwold.test.decotec.lv\/en\/wp-json\/wp\/v2\/product_cat?post=63062"},{"taxonomy":"product_tag","embeddable":true,"href":"https:\/\/nwold.test.decotec.lv\/en\/wp-json\/wp\/v2\/product_tag?post=63062"}],"curies":[{"name":"wp","href":"https:\/\/api.w.org\/{rel}","templated":true}]}}