{"id":63088,"date":"2023-12-11T11:00:22","date_gmt":"2023-12-11T09:00:22","guid":{"rendered":"https:\/\/noblewine.lv\/?post_type=product&#038;p=63088"},"modified":"2024-05-25T22:29:51","modified_gmt":"2024-05-25T19:29:51","slug":"jacquesson-extra-brut-cuvee-746","status":"publish","type":"product","link":"https:\/\/nwold.test.decotec.lv\/en\/catalog\/wine\/jacquesson-extra-brut-cuvee-746\/","title":{"rendered":"Jacquesson Extra-Brut &#8220;Cuvee 746&#8221;"},"content":{"rendered":"","protected":false},"excerpt":{"rendered":"<p>&#8220;V\u012bn\u0101 ir j\u016btamas bag\u0101t\u012bgas aug\u013cu notis \u013coti t\u012br\u0101 un elegant\u0101 Jacquesson nama stil\u0101. Jacquesson Cuv\u00e9e 746 ir eleganta gar\u0161a ar citrusu, za\u013co \u0101bolu un miner\u0101lu nians\u0113m, k\u0101 ar\u012b ilga p\u0113cgar\u0161a.&#8221; \u2014 Ronalds P\u0113tersons, &#8220;Noble Wine&#8221; somelj\u0113<\/p>\n","protected":false},"featured_media":55286,"template":"","meta":[],"product_cat":[2001],"product_tag":[],"class_list":["post-63088","product","type-product","status-publish","has-post-thumbnail","hentry","product_cat-wine","pa_country-france","pa_region-champagne","pa_tips-sparkling-wine","pa_varietal-chardonnay","pa_varietal-pinot-meunier","pa_varietal-pinot-noir","pa_vendor-jacquesson-en","pa_village-brut"],"acf":[],"_links":{"self":[{"href":"https:\/\/nwold.test.decotec.lv\/en\/wp-json\/wp\/v2\/product\/63088"}],"collection":[{"href":"https:\/\/nwold.test.decotec.lv\/en\/wp-json\/wp\/v2\/product"}],"about":[{"href":"https:\/\/nwold.test.decotec.lv\/en\/wp-json\/wp\/v2\/types\/product"}],"wp:featuredmedia":[{"embeddable":true,"href":"https:\/\/nwold.test.decotec.lv\/en\/wp-json\/wp\/v2\/media\/55286"}],"wp:attachment":[{"href":"https:\/\/nwold.test.decotec.lv\/en\/wp-json\/wp\/v2\/media?parent=63088"}],"wp:term":[{"taxonomy":"product_cat","embeddable":true,"href":"https:\/\/nwold.test.decotec.lv\/en\/wp-json\/wp\/v2\/product_cat?post=63088"},{"taxonomy":"product_tag","embeddable":true,"href":"https:\/\/nwold.test.decotec.lv\/en\/wp-json\/wp\/v2\/product_tag?post=63088"}],"curies":[{"name":"wp","href":"https:\/\/api.w.org\/{rel}","templated":true}]}}