{"id":63091,"date":"2023-12-11T11:00:29","date_gmt":"2023-12-11T09:00:29","guid":{"rendered":"https:\/\/noblewine.lv\/?post_type=product&#038;p=63091"},"modified":"2024-04-25T16:18:59","modified_gmt":"2024-04-25T13:18:59","slug":"jacquesson-extra-brut-cuvee-741-d-t","status":"publish","type":"product","link":"https:\/\/nwold.test.decotec.lv\/en\/catalog\/wine\/jacquesson-extra-brut-cuvee-741-d-t\/","title":{"rendered":"Jacquesson Extra-Brut &#8220;Cuvee 741 D.T.&#8221;"},"content":{"rendered":"","protected":false},"excerpt":{"rendered":"<p>&#8220;V\u012bn\u0101 ir j\u016btamas rupj\u0101s maizes un rudens \u0101bolu notis Jacquesson nama stil\u0101. Jacquesson Cuv\u00e9e 741 D\u00e9gorgement Tardif ir eleganta gar\u0161a ar sarkano \u0101bolu, \u0101bola mizas r\u016bgtuma un miner\u0101lu nians\u0113m, k\u0101 ar\u012b ilga p\u0113cgar\u0161a.&#8221; \u2014 Ronalds P\u0113tersons, &#8220;Noble Wine&#8221; somelj\u0113<\/p>\n","protected":false},"featured_media":55277,"template":"","meta":[],"product_cat":[2001],"product_tag":[],"class_list":["post-63091","product","type-product","status-publish","has-post-thumbnail","hentry","product_cat-wine","pa_country-france","pa_region-champagne","pa_tips-sparkling-wine","pa_varietal-chardonnay","pa_varietal-pinot-meunier","pa_varietal-pinot-noir","pa_vendor-jacquesson-en","pa_village-brut"],"acf":[],"_links":{"self":[{"href":"https:\/\/nwold.test.decotec.lv\/en\/wp-json\/wp\/v2\/product\/63091"}],"collection":[{"href":"https:\/\/nwold.test.decotec.lv\/en\/wp-json\/wp\/v2\/product"}],"about":[{"href":"https:\/\/nwold.test.decotec.lv\/en\/wp-json\/wp\/v2\/types\/product"}],"wp:featuredmedia":[{"embeddable":true,"href":"https:\/\/nwold.test.decotec.lv\/en\/wp-json\/wp\/v2\/media\/55277"}],"wp:attachment":[{"href":"https:\/\/nwold.test.decotec.lv\/en\/wp-json\/wp\/v2\/media?parent=63091"}],"wp:term":[{"taxonomy":"product_cat","embeddable":true,"href":"https:\/\/nwold.test.decotec.lv\/en\/wp-json\/wp\/v2\/product_cat?post=63091"},{"taxonomy":"product_tag","embeddable":true,"href":"https:\/\/nwold.test.decotec.lv\/en\/wp-json\/wp\/v2\/product_tag?post=63091"}],"curies":[{"name":"wp","href":"https:\/\/api.w.org\/{rel}","templated":true}]}}