{"id":63410,"date":"2024-01-09T10:14:51","date_gmt":"2024-01-09T08:14:51","guid":{"rendered":"https:\/\/noblewine.lv\/?post_type=product&#038;p=63410"},"modified":"2024-05-27T12:30:52","modified_gmt":"2024-05-27T09:30:52","slug":"toscana-igp-aellae-2018","status":"publish","type":"product","link":"https:\/\/nwold.test.decotec.lv\/en\/catalog\/wine\/toscana-igp-aellae-2018\/","title":{"rendered":"Toscana IGP &#8220;\u00c6ll\u00e6&#8221; 2018"},"content":{"rendered":"","protected":false},"excerpt":{"rendered":"<p>&#8220;Arom\u0101t\u0101 jau\u0161amas tum\u0161o aug\u013cu notis. Gar\u0161a ir eleganta, ar samtainiem tan\u012bniem, p\u0113cgar\u0161\u0101 j\u016btamas tabakas un vani\u013cas nianses.&#8221; \u2014 Ronalds P\u0113tersons, &#8220;Noble Wine&#8221; somelj\u0113<\/p>\n","protected":false},"featured_media":62319,"template":"","meta":[],"product_cat":[2001],"product_tag":[2795],"class_list":["post-63410","product","type-product","status-publish","has-post-thumbnail","hentry","product_cat-wine","product_tag-biggest-saving","pa_country-italy","pa_region-toscana","pa_tips-red-wine","pa_varietal-cabernet-sauvignon","pa_vendor-ormae-vinae-en","pa_village-igt"],"acf":[],"_links":{"self":[{"href":"https:\/\/nwold.test.decotec.lv\/en\/wp-json\/wp\/v2\/product\/63410"}],"collection":[{"href":"https:\/\/nwold.test.decotec.lv\/en\/wp-json\/wp\/v2\/product"}],"about":[{"href":"https:\/\/nwold.test.decotec.lv\/en\/wp-json\/wp\/v2\/types\/product"}],"wp:featuredmedia":[{"embeddable":true,"href":"https:\/\/nwold.test.decotec.lv\/en\/wp-json\/wp\/v2\/media\/62319"}],"wp:attachment":[{"href":"https:\/\/nwold.test.decotec.lv\/en\/wp-json\/wp\/v2\/media?parent=63410"}],"wp:term":[{"taxonomy":"product_cat","embeddable":true,"href":"https:\/\/nwold.test.decotec.lv\/en\/wp-json\/wp\/v2\/product_cat?post=63410"},{"taxonomy":"product_tag","embeddable":true,"href":"https:\/\/nwold.test.decotec.lv\/en\/wp-json\/wp\/v2\/product_tag?post=63410"}],"curies":[{"name":"wp","href":"https:\/\/api.w.org\/{rel}","templated":true}]}}