{"id":63418,"date":"2024-01-09T10:44:59","date_gmt":"2024-01-09T08:44:59","guid":{"rendered":"https:\/\/noblewine.lv\/catalog\/uncategorized\/nuits-saint-georges-dom-du-clos-frantin-2018\/"},"modified":"2024-05-16T16:52:26","modified_gmt":"2024-05-16T13:52:26","slug":"nuits-saint-georges-dom-du-clos-frantin-2018","status":"publish","type":"product","link":"https:\/\/nwold.test.decotec.lv\/en\/catalog\/wine\/nuits-saint-georges-dom-du-clos-frantin-2018\/","title":{"rendered":"Nuits-Saint-Georges &#8220;Dom. du Clos Frantin&#8221; 2018"},"content":{"rendered":"","protected":false},"excerpt":{"rendered":"<p>&#8220;Arom\u0101t\u0101 atkl\u0101jas sarkano ogu, me\u017ea un s\u0113\u0146u nianses. Gar\u0161\u0101 v\u012bns ir intens\u012bvs, ar aug\u013cu, tabakas un kokosriekstu not\u012bm, p\u0113cgar\u0161a ilga.&#8221; \u2014 Ronalds P\u0113tersons, &#8220;Noble Wine&#8221; somelj\u0113<\/p>\n","protected":false},"featured_media":62857,"template":"","meta":[],"product_cat":[2001],"product_tag":[],"class_list":["post-63418","product","type-product","status-publish","has-post-thumbnail","hentry","product_cat-wine","pa_country-france","pa_region-burgundy","pa_tips-red-wine","pa_varietal-pinot-noir","pa_vendor-maison-albert-bichot-en","pa_village-nuits-st-georges"],"acf":[],"_links":{"self":[{"href":"https:\/\/nwold.test.decotec.lv\/en\/wp-json\/wp\/v2\/product\/63418"}],"collection":[{"href":"https:\/\/nwold.test.decotec.lv\/en\/wp-json\/wp\/v2\/product"}],"about":[{"href":"https:\/\/nwold.test.decotec.lv\/en\/wp-json\/wp\/v2\/types\/product"}],"wp:featuredmedia":[{"embeddable":true,"href":"https:\/\/nwold.test.decotec.lv\/en\/wp-json\/wp\/v2\/media\/62857"}],"wp:attachment":[{"href":"https:\/\/nwold.test.decotec.lv\/en\/wp-json\/wp\/v2\/media?parent=63418"}],"wp:term":[{"taxonomy":"product_cat","embeddable":true,"href":"https:\/\/nwold.test.decotec.lv\/en\/wp-json\/wp\/v2\/product_cat?post=63418"},{"taxonomy":"product_tag","embeddable":true,"href":"https:\/\/nwold.test.decotec.lv\/en\/wp-json\/wp\/v2\/product_tag?post=63418"}],"curies":[{"name":"wp","href":"https:\/\/api.w.org\/{rel}","templated":true}]}}