{"id":63420,"date":"2024-01-09T10:45:08","date_gmt":"2024-01-09T08:45:08","guid":{"rendered":"https:\/\/noblewine.lv\/catalog\/uncategorized\/vosne-romanee-dom-du-clos-frantin-2021\/"},"modified":"2024-04-15T16:15:07","modified_gmt":"2024-04-15T13:15:07","slug":"vosne-romanee-dom-du-clos-frantin-2021","status":"publish","type":"product","link":"https:\/\/nwold.test.decotec.lv\/en\/catalog\/wine\/vosne-romanee-dom-du-clos-frantin-2021\/","title":{"rendered":"Vosne-Romanee &#8220;Dom. Du Clos Frantin&#8221; 2021"},"content":{"rendered":"","protected":false},"excerpt":{"rendered":"<p>&#8220;Arom\u0101t\u0101 j\u016btamas tabakas, meln\u0101s t\u0113jas un saldo gar\u0161vielu notis. Gar\u0161a ir samtaina un eleganta, ar z\u012bdaniem tan\u012bniem un ilgu, sul\u012bgu p\u0113cgar\u0161u.&#8221; \u2014 Ronalds P\u0113tersons, &#8220;Noble Wine&#8221; somelj\u0113<\/p>\n","protected":false},"featured_media":62857,"template":"","meta":[],"product_cat":[2001],"product_tag":[],"class_list":["post-63420","product","type-product","status-publish","has-post-thumbnail","hentry","product_cat-wine","pa_country-france","pa_region-burgundy","pa_tips-red-wine","pa_varietal-pinot-noir","pa_vendor-maison-albert-bichot-en","pa_village-vosne-romannee"],"acf":[],"_links":{"self":[{"href":"https:\/\/nwold.test.decotec.lv\/en\/wp-json\/wp\/v2\/product\/63420"}],"collection":[{"href":"https:\/\/nwold.test.decotec.lv\/en\/wp-json\/wp\/v2\/product"}],"about":[{"href":"https:\/\/nwold.test.decotec.lv\/en\/wp-json\/wp\/v2\/types\/product"}],"wp:featuredmedia":[{"embeddable":true,"href":"https:\/\/nwold.test.decotec.lv\/en\/wp-json\/wp\/v2\/media\/62857"}],"wp:attachment":[{"href":"https:\/\/nwold.test.decotec.lv\/en\/wp-json\/wp\/v2\/media?parent=63420"}],"wp:term":[{"taxonomy":"product_cat","embeddable":true,"href":"https:\/\/nwold.test.decotec.lv\/en\/wp-json\/wp\/v2\/product_cat?post=63420"},{"taxonomy":"product_tag","embeddable":true,"href":"https:\/\/nwold.test.decotec.lv\/en\/wp-json\/wp\/v2\/product_tag?post=63420"}],"curies":[{"name":"wp","href":"https:\/\/api.w.org\/{rel}","templated":true}]}}