{"id":63447,"date":"2024-01-09T12:14:54","date_gmt":"2024-01-09T10:14:54","guid":{"rendered":"https:\/\/noblewine.lv\/catalog\/uncategorized\/ribera-del-duero-regina-vides-2020\/"},"modified":"2024-05-20T09:04:17","modified_gmt":"2024-05-20T06:04:17","slug":"ribera-del-duero-regina-vides-2020","status":"publish","type":"product","link":"https:\/\/nwold.test.decotec.lv\/en\/catalog\/wine\/ribera-del-duero-regina-vides-2020\/","title":{"rendered":"Ribera del Duero &#8220;Regina Vides&#8221; 2020"},"content":{"rendered":"","protected":false},"excerpt":{"rendered":"<p>&#8220;Arom\u0101t\u0101 j\u016btamas \u017e\u0101v\u0113tu pl\u016bmju, kafijas, kan\u0113\u013ca un d\u016bmu notis. Gar\u0161\u0101 v\u012bns ir intens\u012bvs, elegants, sul\u012bgs ar tum\u0161o \u0137ir\u0161u un sauso gar\u0161vielu nians\u0113m. Tan\u012bni ir kr\u012btaini. P\u0113cgar\u0161a ir notur\u012bga.&#8221; \u2014 Ronalds P\u0113tersons, &#8220;Noble Wine&#8221; somelj\u0113<\/p>\n","protected":false},"featured_media":60478,"template":"","meta":[],"product_cat":[2001],"product_tag":[],"class_list":["post-63447","product","type-product","status-publish","has-post-thumbnail","hentry","product_cat-wine","pa_country-spain","pa_region-catillia-y-leon","pa_tips-red-wine","pa_varietal-tempranillo","pa_vendor-bodegas-vina-sastre","pa_village-ribera-del-duero"],"acf":[],"_links":{"self":[{"href":"https:\/\/nwold.test.decotec.lv\/en\/wp-json\/wp\/v2\/product\/63447"}],"collection":[{"href":"https:\/\/nwold.test.decotec.lv\/en\/wp-json\/wp\/v2\/product"}],"about":[{"href":"https:\/\/nwold.test.decotec.lv\/en\/wp-json\/wp\/v2\/types\/product"}],"wp:featuredmedia":[{"embeddable":true,"href":"https:\/\/nwold.test.decotec.lv\/en\/wp-json\/wp\/v2\/media\/60478"}],"wp:attachment":[{"href":"https:\/\/nwold.test.decotec.lv\/en\/wp-json\/wp\/v2\/media?parent=63447"}],"wp:term":[{"taxonomy":"product_cat","embeddable":true,"href":"https:\/\/nwold.test.decotec.lv\/en\/wp-json\/wp\/v2\/product_cat?post=63447"},{"taxonomy":"product_tag","embeddable":true,"href":"https:\/\/nwold.test.decotec.lv\/en\/wp-json\/wp\/v2\/product_tag?post=63447"}],"curies":[{"name":"wp","href":"https:\/\/api.w.org\/{rel}","templated":true}]}}