{"id":63470,"date":"2024-01-09T14:15:21","date_gmt":"2024-01-09T12:15:21","guid":{"rendered":"https:\/\/noblewine.lv\/catalog\/uncategorized\/gevrey-chambertin-mes-favorites-2021\/"},"modified":"2024-05-21T12:53:19","modified_gmt":"2024-05-21T09:53:19","slug":"gevrey-chambertin-mes-favorites-2021","status":"publish","type":"product","link":"https:\/\/nwold.test.decotec.lv\/en\/catalog\/wine\/gevrey-chambertin-mes-favorites-2021\/","title":{"rendered":"Gevrey-Chambertin &#8220;Mes Favorites&#8221; 2021"},"content":{"rendered":"","protected":false},"excerpt":{"rendered":"<p>&#8220;Arom\u0101t\u0101 j\u016btamas intens\u012bvu \u0137ir\u0161u un melnzemes notis. Gar\u0161a ir sul\u012bga, eleganta, gatavu sarkano ogu, \u0137ir\u0161u kauli\u0146u nians\u0113m. Maigi un z\u012bdaini tan\u012bni. Sul\u012bga un notur\u012bga p\u0113cgar\u0161a ar \u0137ir\u0161u not\u012bm.&#8221; \u2014 Ronalds P\u0113tersons, &#8220;Noble Wine&#8221; somelj\u0113<\/p>\n","protected":false},"featured_media":48753,"template":"","meta":[],"product_cat":[2001],"product_tag":[],"class_list":["post-63470","product","type-product","status-publish","has-post-thumbnail","hentry","product_cat-wine","pa_country-france","pa_region-burgundy","pa_tips-red-wine","pa_varietal-pinot-noir","pa_vendor-domaine-alain-burguet","pa_village-gevrey-chambertin"],"acf":[],"_links":{"self":[{"href":"https:\/\/nwold.test.decotec.lv\/en\/wp-json\/wp\/v2\/product\/63470"}],"collection":[{"href":"https:\/\/nwold.test.decotec.lv\/en\/wp-json\/wp\/v2\/product"}],"about":[{"href":"https:\/\/nwold.test.decotec.lv\/en\/wp-json\/wp\/v2\/types\/product"}],"wp:featuredmedia":[{"embeddable":true,"href":"https:\/\/nwold.test.decotec.lv\/en\/wp-json\/wp\/v2\/media\/48753"}],"wp:attachment":[{"href":"https:\/\/nwold.test.decotec.lv\/en\/wp-json\/wp\/v2\/media?parent=63470"}],"wp:term":[{"taxonomy":"product_cat","embeddable":true,"href":"https:\/\/nwold.test.decotec.lv\/en\/wp-json\/wp\/v2\/product_cat?post=63470"},{"taxonomy":"product_tag","embeddable":true,"href":"https:\/\/nwold.test.decotec.lv\/en\/wp-json\/wp\/v2\/product_tag?post=63470"}],"curies":[{"name":"wp","href":"https:\/\/api.w.org\/{rel}","templated":true}]}}