{"id":63476,"date":"2024-01-09T14:45:06","date_gmt":"2024-01-09T12:45:06","guid":{"rendered":"https:\/\/noblewine.lv\/catalog\/uncategorized\/etna-rosso-doc-contrada-monte-serra-2021\/"},"modified":"2024-04-19T13:12:54","modified_gmt":"2024-04-19T10:12:54","slug":"etna-rosso-doc-contrada-monte-serra-2021","status":"publish","type":"product","link":"https:\/\/nwold.test.decotec.lv\/en\/catalog\/wine\/etna-rosso-doc-contrada-monte-serra-2021\/","title":{"rendered":"Etna Rosso DOC &#8220;Contrada Monte Serra&#8221; 2021"},"content":{"rendered":"","protected":false},"excerpt":{"rendered":"<p>&#8220;Arom\u0101t\u0101 j\u016btamas pl\u016bmju, kir\u0161u, eikalipta un d\u016bmu notis. Gar\u0161a ir \u013coti sul\u012bga ar gatavu tum\u0161o \u0137ir\u0161u, melnzenes un lakricu nians\u0113m. Tan\u012bni ir akt\u012bvi un kr\u012btaini. P\u0113cgar\u0161a ir eleganta un intens\u012bva.&#8221; \u2014 Ronalds P\u0113tersons, &#8220;Noble Wine&#8221; somelj\u0113<\/p>\n","protected":false},"featured_media":38628,"template":"","meta":[],"product_cat":[2001],"product_tag":[],"class_list":["post-63476","product","type-product","status-publish","has-post-thumbnail","hentry","product_cat-wine","pa_country-italy","pa_region-sicily","pa_tips-red-wine","pa_varietal-nerello-mascalese","pa_vendor-benanti"],"acf":[],"_links":{"self":[{"href":"https:\/\/nwold.test.decotec.lv\/en\/wp-json\/wp\/v2\/product\/63476"}],"collection":[{"href":"https:\/\/nwold.test.decotec.lv\/en\/wp-json\/wp\/v2\/product"}],"about":[{"href":"https:\/\/nwold.test.decotec.lv\/en\/wp-json\/wp\/v2\/types\/product"}],"wp:featuredmedia":[{"embeddable":true,"href":"https:\/\/nwold.test.decotec.lv\/en\/wp-json\/wp\/v2\/media\/38628"}],"wp:attachment":[{"href":"https:\/\/nwold.test.decotec.lv\/en\/wp-json\/wp\/v2\/media?parent=63476"}],"wp:term":[{"taxonomy":"product_cat","embeddable":true,"href":"https:\/\/nwold.test.decotec.lv\/en\/wp-json\/wp\/v2\/product_cat?post=63476"},{"taxonomy":"product_tag","embeddable":true,"href":"https:\/\/nwold.test.decotec.lv\/en\/wp-json\/wp\/v2\/product_tag?post=63476"}],"curies":[{"name":"wp","href":"https:\/\/api.w.org\/{rel}","templated":true}]}}