{"id":63480,"date":"2024-01-09T14:45:25","date_gmt":"2024-01-09T12:45:25","guid":{"rendered":"https:\/\/noblewine.lv\/catalog\/uncategorized\/dolcetto-dalba-doc-2022\/"},"modified":"2024-05-17T22:20:57","modified_gmt":"2024-05-17T19:20:57","slug":"dolcetto-dalba-doc-2022","status":"publish","type":"product","link":"https:\/\/nwold.test.decotec.lv\/en\/catalog\/wine\/dolcetto-dalba-doc-2022\/","title":{"rendered":"Dolcetto d`Alba DOC 2022"},"content":{"rendered":"","protected":false},"excerpt":{"rendered":"<p>Arom\u0101t\u0101 j\u016btamas tum\u0161o \u0137ir\u0161u, melle\u0146u un svaigu ave\u0146u notis. Gar\u0161a ir sul\u012bga, svaiga ar ave\u0146u un melle\u0146u not\u012bm. Tan\u012bni ir maigi un z\u012bdaini. P\u0113cgar\u0161a ir ilga un sul\u012bga. \u2014 Ronalds P\u0113tersons, &#8220;Noble Wine&#8221; somelj\u0113<\/p>\n","protected":false},"featured_media":38382,"template":"","meta":[],"product_cat":[2001],"product_tag":[],"class_list":["post-63480","product","type-product","status-publish","has-post-thumbnail","hentry","product_cat-wine","pa_country-italy","pa_region-piedmont","pa_tips-red-wine","pa_varietal-dolcetto","pa_vendor-elio-altare","pa_village-alba"],"acf":[],"_links":{"self":[{"href":"https:\/\/nwold.test.decotec.lv\/en\/wp-json\/wp\/v2\/product\/63480"}],"collection":[{"href":"https:\/\/nwold.test.decotec.lv\/en\/wp-json\/wp\/v2\/product"}],"about":[{"href":"https:\/\/nwold.test.decotec.lv\/en\/wp-json\/wp\/v2\/types\/product"}],"wp:featuredmedia":[{"embeddable":true,"href":"https:\/\/nwold.test.decotec.lv\/en\/wp-json\/wp\/v2\/media\/38382"}],"wp:attachment":[{"href":"https:\/\/nwold.test.decotec.lv\/en\/wp-json\/wp\/v2\/media?parent=63480"}],"wp:term":[{"taxonomy":"product_cat","embeddable":true,"href":"https:\/\/nwold.test.decotec.lv\/en\/wp-json\/wp\/v2\/product_cat?post=63480"},{"taxonomy":"product_tag","embeddable":true,"href":"https:\/\/nwold.test.decotec.lv\/en\/wp-json\/wp\/v2\/product_tag?post=63480"}],"curies":[{"name":"wp","href":"https:\/\/api.w.org\/{rel}","templated":true}]}}