{"id":63538,"date":"2024-01-29T16:07:56","date_gmt":"2024-01-29T14:07:56","guid":{"rendered":"https:\/\/noblewine.lv\/?post_type=product&#038;p=63538"},"modified":"2024-04-18T17:31:47","modified_gmt":"2024-04-18T14:31:47","slug":"armanjaku-degustacija-2","status":"publish","type":"product","link":"https:\/\/nwold.test.decotec.lv\/en\/catalog\/wine-events\/armanjaku-degustacija-2\/","title":{"rendered":"Armanjaku degust\u0101cija"},"content":{"rendered":"","protected":false},"excerpt":{"rendered":"<p>Armanjaks pie mums ir atce\u013cojis no Gaskonijas pagrabiem, kur laiks un trad\u012bcijas sapl\u016bst nosl\u0113pum\u0101, kas aizrauj ar katru malku. \u0160\u012b arom\u0101tisk\u0101 \u201ckonjaka br\u0101l\u0113na\u201d saknes stiepjas 700 gadu sen\u0101 v\u0113stur\u0113, un tas var dro\u0161i pretend\u0113t uz vissen\u0101ko fran\u010du eau-de-vie statusu. Noble Wine aicina iepaz\u012bties ar \u0161o intri\u0123\u0113jo\u0161o un le\u0123end\u0101m apv\u012bto dz\u0113rienu, nobaudot un sal\u012bdzinot veselus piecus izmekl\u0113tus armanjaka paraugus. Degust\u0101cijas laik\u0101 atkl\u0101sim armanjaka v\u0113sturi, gar\u0161as sare\u017e\u0123\u012bt\u012bbas sl\u0101\u0146us un ra\u017eo\u0161anas \u012bpatn\u012bbas, k\u0101 ar\u012b pieska\u0146osim sader\u012bg\u0101kos uzkodu p\u0101rus. Pievienojieties un izbaudiet bag\u0101t\u012bgas gar\u0161u bu\u0137etes, v\u012bna destil\u0101cijas, ozolkoka mucas un senas v\u0113stures al\u0137\u012bmiju!<\/p>\n<p>Par jebkuru jaut\u0101jumu saist\u012bb\u0101 ar degust\u0101ciju organiz\u0101ciju un norisi l\u016bgums v\u0113rsties pa t\u0101lruni +371 20101111 vai e-past\u0101 sandra.grinmane@noblewine.lv<\/p>\n","protected":false},"featured_media":63565,"template":"","meta":[],"product_cat":[2004],"product_tag":[],"class_list":["post-63538","product","type-product","status-publish","has-post-thumbnail","hentry","product_cat-wine-events"],"acf":[],"_links":{"self":[{"href":"https:\/\/nwold.test.decotec.lv\/en\/wp-json\/wp\/v2\/product\/63538"}],"collection":[{"href":"https:\/\/nwold.test.decotec.lv\/en\/wp-json\/wp\/v2\/product"}],"about":[{"href":"https:\/\/nwold.test.decotec.lv\/en\/wp-json\/wp\/v2\/types\/product"}],"wp:featuredmedia":[{"embeddable":true,"href":"https:\/\/nwold.test.decotec.lv\/en\/wp-json\/wp\/v2\/media\/63565"}],"wp:attachment":[{"href":"https:\/\/nwold.test.decotec.lv\/en\/wp-json\/wp\/v2\/media?parent=63538"}],"wp:term":[{"taxonomy":"product_cat","embeddable":true,"href":"https:\/\/nwold.test.decotec.lv\/en\/wp-json\/wp\/v2\/product_cat?post=63538"},{"taxonomy":"product_tag","embeddable":true,"href":"https:\/\/nwold.test.decotec.lv\/en\/wp-json\/wp\/v2\/product_tag?post=63538"}],"curies":[{"name":"wp","href":"https:\/\/api.w.org\/{rel}","templated":true}]}}