{"id":63543,"date":"2024-01-29T16:08:08","date_gmt":"2024-01-29T14:08:08","guid":{"rendered":"https:\/\/noblewine.lv\/?post_type=product&#038;p=63543"},"modified":"2024-03-13T20:58:22","modified_gmt":"2024-03-13T18:58:22","slug":"wine-art-with-the-same-riga-2","status":"publish","type":"product","link":"https:\/\/nwold.test.decotec.lv\/en\/catalog\/wine-events\/wine-art-with-the-same-riga-2\/","title":{"rendered":"Wine &#038; Art with The Same Riga"},"content":{"rendered":"","protected":false},"excerpt":{"rendered":"<p>Rado\u0161\u0101 pasaule un v\u012bns ir teju nedal\u0101ma kombin\u0101cija, k\u0101 ar\u012b uzticams \u0161ablons lieliski pavad\u012btam vakaram. Aicin\u0101m ar\u012b J\u016bs nodoties \u0161\u012bm p\u0101rbaud\u012btaj\u0101m v\u0113rt\u012bb\u0101m un atspirdzino\u0161\u0101, krauk\u0161\u0137\u012bg\u0101 vai svaigi\u2013aug\u013cain\u0101 atmosf\u0113r\u0101 piedal\u012bties Noble Wine m\u0101kslas un v\u012bna terapij\u0101. Harizm\u0101tisk\u0101s m\u0101kslinieces vad\u012bb\u0101 un izmekl\u0113to Noble Wine v\u012bnu pavad\u012bb\u0101 dal\u012bbnieki ir aicin\u0101ti \u013cauties dzirksto\u0161\u0101m sarun\u0101m, gardiem smiekliem, glezno\u0161anai un v\u012bna baud\u012b\u0161anai vasaras teras\u0113.<\/p>\n<p>Svar\u012bgi: pas\u0101kuma m\u0113r\u0137is ir labi pavad\u012bts laiks, nepiespiesta gaisotne un br\u012bvas rado\u0161\u0101s pa\u0161izpausmes, l\u012bdz ar to iepriek\u0161\u0113ja pieredze glezno\u0161an\u0101 nav nepiecie\u0161ama.<\/p>\n<p>Par jebkuru jaut\u0101jumu saist\u012bb\u0101 ar degust\u0101ciju organiz\u0101ciju un norisi l\u016bgums v\u0113rsties pa t\u0101lruni +371 20101111 vai e-past\u0101 sandra.grinmane@noblewine.lv<\/p>\n","protected":false},"featured_media":63803,"template":"","meta":[],"product_cat":[2004],"product_tag":[],"class_list":["post-63543","product","type-product","status-publish","has-post-thumbnail","hentry","product_cat-wine-events"],"acf":[],"_links":{"self":[{"href":"https:\/\/nwold.test.decotec.lv\/en\/wp-json\/wp\/v2\/product\/63543"}],"collection":[{"href":"https:\/\/nwold.test.decotec.lv\/en\/wp-json\/wp\/v2\/product"}],"about":[{"href":"https:\/\/nwold.test.decotec.lv\/en\/wp-json\/wp\/v2\/types\/product"}],"wp:featuredmedia":[{"embeddable":true,"href":"https:\/\/nwold.test.decotec.lv\/en\/wp-json\/wp\/v2\/media\/63803"}],"wp:attachment":[{"href":"https:\/\/nwold.test.decotec.lv\/en\/wp-json\/wp\/v2\/media?parent=63543"}],"wp:term":[{"taxonomy":"product_cat","embeddable":true,"href":"https:\/\/nwold.test.decotec.lv\/en\/wp-json\/wp\/v2\/product_cat?post=63543"},{"taxonomy":"product_tag","embeddable":true,"href":"https:\/\/nwold.test.decotec.lv\/en\/wp-json\/wp\/v2\/product_tag?post=63543"}],"curies":[{"name":"wp","href":"https:\/\/api.w.org\/{rel}","templated":true}]}}