{"id":63544,"date":"2024-01-29T16:08:11","date_gmt":"2024-01-29T14:08:11","guid":{"rendered":"https:\/\/noblewine.lv\/?post_type=product&#038;p=63544"},"modified":"2024-05-01T22:14:12","modified_gmt":"2024-05-01T19:14:12","slug":"italijas-baltvinu-degustacija-2","status":"publish","type":"product","link":"https:\/\/nwold.test.decotec.lv\/en\/catalog\/wine-events\/italijas-baltvinu-degustacija-2\/","title":{"rendered":"It\u0101lijas baltv\u012bnu degust\u0101cija"},"content":{"rendered":"","protected":false},"excerpt":{"rendered":"<p>Aicin\u0101m J\u016bs sajust It\u0101liju sav\u0101 v\u012bna gl\u0101z\u0113! \u0160aj\u0101 degust\u0101cij\u0101 ieskat\u012bsimies It\u0101lijas v\u012bnu v\u0113stur\u0113, izzin\u0101sim v\u012bnu klasifik\u0101ciju, terminolo\u0123iju un apel\u0101ciju sist\u0113mu. Baudot 5 v\u012bna paraugus, dosimies kop\u012bg\u0101 gar\u0161u ce\u013cojum\u0101 pa It\u0101lijas v\u012bna re\u0123ioniem un iepaz\u012bsim rakstur\u012bg\u0101k\u0101s balto v\u012bnogu \u0161\u0137irnes. Auguri!<\/p>\n<p>Par jebkuru jaut\u0101jumu saist\u012bb\u0101 ar degust\u0101ciju organiz\u0101ciju un norisi l\u016bgums v\u0113rsties pa t\u0101lruni +371 20101111 vai e-past\u0101 sandra.grinmane@noblewine.lv<\/p>\n","protected":false},"featured_media":63808,"template":"","meta":[],"product_cat":[2004],"product_tag":[],"class_list":["post-63544","product","type-product","status-publish","has-post-thumbnail","hentry","product_cat-wine-events"],"acf":[],"_links":{"self":[{"href":"https:\/\/nwold.test.decotec.lv\/en\/wp-json\/wp\/v2\/product\/63544"}],"collection":[{"href":"https:\/\/nwold.test.decotec.lv\/en\/wp-json\/wp\/v2\/product"}],"about":[{"href":"https:\/\/nwold.test.decotec.lv\/en\/wp-json\/wp\/v2\/types\/product"}],"wp:featuredmedia":[{"embeddable":true,"href":"https:\/\/nwold.test.decotec.lv\/en\/wp-json\/wp\/v2\/media\/63808"}],"wp:attachment":[{"href":"https:\/\/nwold.test.decotec.lv\/en\/wp-json\/wp\/v2\/media?parent=63544"}],"wp:term":[{"taxonomy":"product_cat","embeddable":true,"href":"https:\/\/nwold.test.decotec.lv\/en\/wp-json\/wp\/v2\/product_cat?post=63544"},{"taxonomy":"product_tag","embeddable":true,"href":"https:\/\/nwold.test.decotec.lv\/en\/wp-json\/wp\/v2\/product_tag?post=63544"}],"curies":[{"name":"wp","href":"https:\/\/api.w.org\/{rel}","templated":true}]}}