{"id":63546,"date":"2024-01-29T16:08:15","date_gmt":"2024-01-29T14:08:15","guid":{"rendered":"https:\/\/noblewine.lv\/?post_type=product&#038;p=63546"},"modified":"2024-04-18T17:31:51","modified_gmt":"2024-04-18T14:31:51","slug":"lekcija-tiem-kas-macas-saprats-vinu","status":"publish","type":"product","link":"https:\/\/nwold.test.decotec.lv\/en\/catalog\/wine-events\/lekcija-tiem-kas-macas-saprats-vinu\/","title":{"rendered":"Lekcija tiem, kas m\u0101c\u0101s saprast v\u012bnu"},"content":{"rendered":"","protected":false},"excerpt":{"rendered":"<p>Lai ar\u012b orient\u0113ties v\u012bnos nav vienk\u0101r\u0161i, ta\u010du aizraujo\u0161i gan! V\u012bna pasaules izzin\u0101\u0161anas process Jums var k\u013c\u016bt par nebeidzamu ce\u013cojumu visa m\u016b\u017ea garum\u0101. \u0160\u012b degust\u0101cijas paraugstunda ir paredz\u0113ta tiem, kuri tikai s\u0101k \u0161o piedz\u012bvojumu un v\u0113las apg\u016bt v\u012bna kult\u016bras pamatus. Nepiespiestas sarunas gait\u0101 J\u016bs ieg\u016bsiet v\u0113rt\u012bgas zin\u0101\u0161anas par trad\u012bcij\u0101m da\u017e\u0101d\u0101s zem\u0113s, v\u012bna pasnieg\u0161anas un glab\u0101\u0161anas noteikumiem, k\u0101 ar\u012b iem\u0101c\u012bsieties at\u0161\u0137irt m\u012btus no faktiem un noskaidrot atbildes uz popul\u0101r\u0101kajiem jaut\u0101jumiem, kas tiek uzdoti v\u012bnzinim. M\u0113s demonstr\u0113sim, k\u0101 degust\u0113t v\u012bnu un past\u0101st\u012bsim, kam j\u0101piev\u0113r\u0161 uzman\u012bba izv\u0113loties \u0161o dz\u0113rienu. Noble Wine komanda ar patiesu prieku dal\u012bsies sav\u0101s r\u016bp\u012bgi izmekl\u0113taj\u0101s zin\u0101\u0161an\u0101s ar Jums!<\/p>\n<p>Par jebkuru jaut\u0101jumu saist\u012bb\u0101 ar degust\u0101ciju organiz\u0101ciju un norisi l\u016bgums v\u0113rsties pa t\u0101lruni +371 20101111 vai e-past\u0101 sandra.grinmane@noblewine.lv<\/p>\n","protected":false},"featured_media":63602,"template":"","meta":[],"product_cat":[2004],"product_tag":[],"class_list":["post-63546","product","type-product","status-publish","has-post-thumbnail","hentry","product_cat-wine-events"],"acf":[],"_links":{"self":[{"href":"https:\/\/nwold.test.decotec.lv\/en\/wp-json\/wp\/v2\/product\/63546"}],"collection":[{"href":"https:\/\/nwold.test.decotec.lv\/en\/wp-json\/wp\/v2\/product"}],"about":[{"href":"https:\/\/nwold.test.decotec.lv\/en\/wp-json\/wp\/v2\/types\/product"}],"wp:featuredmedia":[{"embeddable":true,"href":"https:\/\/nwold.test.decotec.lv\/en\/wp-json\/wp\/v2\/media\/63602"}],"wp:attachment":[{"href":"https:\/\/nwold.test.decotec.lv\/en\/wp-json\/wp\/v2\/media?parent=63546"}],"wp:term":[{"taxonomy":"product_cat","embeddable":true,"href":"https:\/\/nwold.test.decotec.lv\/en\/wp-json\/wp\/v2\/product_cat?post=63546"},{"taxonomy":"product_tag","embeddable":true,"href":"https:\/\/nwold.test.decotec.lv\/en\/wp-json\/wp\/v2\/product_tag?post=63546"}],"curies":[{"name":"wp","href":"https:\/\/api.w.org\/{rel}","templated":true}]}}