{"id":63549,"date":"2024-01-29T16:08:22","date_gmt":"2024-01-29T14:08:22","guid":{"rendered":"https:\/\/noblewine.lv\/?post_type=product&#038;p=63549"},"modified":"2024-04-18T17:31:52","modified_gmt":"2024-04-18T14:31:52","slug":"francijas-sieru-un-vinu-degustacija-5","status":"publish","type":"product","link":"https:\/\/nwold.test.decotec.lv\/en\/catalog\/wine-events\/francijas-sieru-un-vinu-degustacija-5\/","title":{"rendered":"Francijas sieru un v\u012bnu degust\u0101cija"},"content":{"rendered":"","protected":false},"excerpt":{"rendered":"<p>Noble Wine aicina uz tematisko v\u012bnu un sieru sader\u012bbas degust\u0101ciju. Degust\u0101cijas laik\u0101 J\u016bs nobaud\u012bsiet se\u0161us klasiskus Francijas sierus, bag\u0101tinot gar\u0161as piedz\u012bvojumu ar izsmalcin\u0101tiem v\u012bniem. Arom\u0101tiskais un samtainais v\u012bns tik pat\u012bkami papildina siera maigo strukt\u016bru, ka ide\u0101l\u0101ku partneri v\u012bnam k\u0101 siers ir gr\u016bti iedom\u0101ties. T\u0101 ir klasika, kas nekad nepievi\u013c \u2014\u00a0 un tom\u0113r ne katrs v\u012bns ide\u0101li sader ar katru sieru. Ir da\u017ei svar\u012bgi likumi un pa\u0146\u0113mieni, kas pal\u012bdz\u0113s padar\u012bt \u0161o savien\u012bbu interesant\u0101ku, lai neviens no produktiem nenom\u0101ktu otra gar\u0161u, bet tikai uzlabotu kop\u0113jo gar\u0161as iespaidu. Degust\u0101cijas laik\u0101 nogar\u0161osim se\u0161us v\u012bna un siera salikumus, k\u0101 ar\u012b p\u0101rrun\u0101sim \u0161o produktu izv\u0113les nianses un nosl\u0113pumus.<\/p>\n","protected":false},"featured_media":63611,"template":"","meta":[],"product_cat":[2004],"product_tag":[],"class_list":["post-63549","product","type-product","status-publish","has-post-thumbnail","hentry","product_cat-wine-events"],"acf":[],"_links":{"self":[{"href":"https:\/\/nwold.test.decotec.lv\/en\/wp-json\/wp\/v2\/product\/63549"}],"collection":[{"href":"https:\/\/nwold.test.decotec.lv\/en\/wp-json\/wp\/v2\/product"}],"about":[{"href":"https:\/\/nwold.test.decotec.lv\/en\/wp-json\/wp\/v2\/types\/product"}],"wp:featuredmedia":[{"embeddable":true,"href":"https:\/\/nwold.test.decotec.lv\/en\/wp-json\/wp\/v2\/media\/63611"}],"wp:attachment":[{"href":"https:\/\/nwold.test.decotec.lv\/en\/wp-json\/wp\/v2\/media?parent=63549"}],"wp:term":[{"taxonomy":"product_cat","embeddable":true,"href":"https:\/\/nwold.test.decotec.lv\/en\/wp-json\/wp\/v2\/product_cat?post=63549"},{"taxonomy":"product_tag","embeddable":true,"href":"https:\/\/nwold.test.decotec.lv\/en\/wp-json\/wp\/v2\/product_tag?post=63549"}],"curies":[{"name":"wp","href":"https:\/\/api.w.org\/{rel}","templated":true}]}}