{"id":63552,"date":"2024-01-29T16:08:29","date_gmt":"2024-01-29T14:08:29","guid":{"rendered":"https:\/\/noblewine.lv\/?post_type=product&#038;p=63552"},"modified":"2024-04-16T20:06:27","modified_gmt":"2024-04-16T17:06:27","slug":"degustacija-bara-ka-tad-baudit-dzinu-2","status":"publish","type":"product","link":"https:\/\/nwold.test.decotec.lv\/en\/catalog\/wine-events\/degustacija-bara-ka-tad-baudit-dzinu-2\/","title":{"rendered":"Degust\u0101cija B\u0101r\u0101 &#8211; K\u0101 tad baud\u012bt d\u017einu?"},"content":{"rendered":"","protected":false},"excerpt":{"rendered":"<p>Noble Wine aicina degust\u0113t izcilus d\u017eina paraugus! M\u016bsu lielisk\u0101 v\u012bnzi\u0146a Jevg\u0113nija Birjukova pavad\u012bb\u0101 Jums b\u016bs iesp\u0113ja nogar\u0161ot \u012bpa\u0161i izv\u0113l\u0113tus d\u017einus ar pieska\u0146ot\u0101m limon\u0101d\u0113m, tonikiem un uzkod\u0101m, kas izcels \u0161\u012b dz\u0113riena unik\u0101lo gar\u0161u un arom\u0101tu. D\u017eina popularit\u0101te aug ar katru dienu, un m\u016bsu v\u012bnzinis iepaz\u012bstin\u0101s ar veidiem, k\u0101 neapmald\u012bties pied\u0101v\u0101jumos un kombin\u0101cij\u0101s un ar sav\u0101m izv\u0113l\u0113m vienm\u0113r tr\u0101p\u012bt desmitniek\u0101!<\/p>\n<p>Par jebkuru jaut\u0101jumu saist\u012bb\u0101 ar degust\u0101ciju organiz\u0101ciju un norisi l\u016bgums v\u0113rsties pa t\u0101lruni +371 20101111 vai e-past\u0101 sandra.grinmane@noblewine.lv<\/p>\n","protected":false},"featured_media":63615,"template":"","meta":[],"product_cat":[2004],"product_tag":[],"class_list":["post-63552","product","type-product","status-publish","has-post-thumbnail","hentry","product_cat-wine-events"],"acf":[],"_links":{"self":[{"href":"https:\/\/nwold.test.decotec.lv\/en\/wp-json\/wp\/v2\/product\/63552"}],"collection":[{"href":"https:\/\/nwold.test.decotec.lv\/en\/wp-json\/wp\/v2\/product"}],"about":[{"href":"https:\/\/nwold.test.decotec.lv\/en\/wp-json\/wp\/v2\/types\/product"}],"wp:featuredmedia":[{"embeddable":true,"href":"https:\/\/nwold.test.decotec.lv\/en\/wp-json\/wp\/v2\/media\/63615"}],"wp:attachment":[{"href":"https:\/\/nwold.test.decotec.lv\/en\/wp-json\/wp\/v2\/media?parent=63552"}],"wp:term":[{"taxonomy":"product_cat","embeddable":true,"href":"https:\/\/nwold.test.decotec.lv\/en\/wp-json\/wp\/v2\/product_cat?post=63552"},{"taxonomy":"product_tag","embeddable":true,"href":"https:\/\/nwold.test.decotec.lv\/en\/wp-json\/wp\/v2\/product_tag?post=63552"}],"curies":[{"name":"wp","href":"https:\/\/api.w.org\/{rel}","templated":true}]}}