{"id":63554,"date":"2024-01-29T16:08:34","date_gmt":"2024-01-29T14:08:34","guid":{"rendered":"https:\/\/noblewine.lv\/?post_type=product&#038;p=63554"},"modified":"2024-04-16T20:06:28","modified_gmt":"2024-04-16T17:06:28","slug":"izcilie-puligny-chassagne-un-meursault","status":"publish","type":"product","link":"https:\/\/nwold.test.decotec.lv\/en\/catalog\/wine-events\/izcilie-puligny-chassagne-un-meursault\/","title":{"rendered":"Izcilie Puligny, Chassagne un Meursault!"},"content":{"rendered":"","protected":false},"excerpt":{"rendered":"<p>Run\u0101jot par pasaules izcil\u0101kajiem v\u012bniem, teritorija starp Chassagne, Puligny un Meursault ir d\u0101rgums varav\u012bksnes gal\u0101! Aleksandrs Dim\u0101 ir teicis, ka Puligny ir j\u0101dzer \u201car paceltu cepuri un uz ce\u013ciem\u201d. \u0160aj\u0101 degust\u0101cij\u0101 pieskarsimies Burgundijas izcilnieku v\u012bnu trio \u2013 aristokr\u0101tisk\u0101m un daudzsl\u0101\u0146ain\u0101m gar\u0161as nians\u0113m, kas nevienam vien smalkam baud\u012bt\u0101jam ir liku\u0161as \u201cpaklan\u012bties\u201d! Degust\u0101cij\u0101 pasniegsim 5 v\u012bna paraugus.<\/p>\n<p>Par jebkuru jaut\u0101jumu saist\u012bb\u0101 ar degust\u0101ciju organiz\u0101ciju un norisi l\u016bgums v\u0113rsties pa t\u0101lruni +371 20101111 vai e-past\u0101 sandra.grinmane@noblewine.lv<\/p>\n","protected":false},"featured_media":63791,"template":"","meta":[],"product_cat":[2004],"product_tag":[],"class_list":["post-63554","product","type-product","status-publish","has-post-thumbnail","hentry","product_cat-wine-events"],"acf":[],"_links":{"self":[{"href":"https:\/\/nwold.test.decotec.lv\/en\/wp-json\/wp\/v2\/product\/63554"}],"collection":[{"href":"https:\/\/nwold.test.decotec.lv\/en\/wp-json\/wp\/v2\/product"}],"about":[{"href":"https:\/\/nwold.test.decotec.lv\/en\/wp-json\/wp\/v2\/types\/product"}],"wp:featuredmedia":[{"embeddable":true,"href":"https:\/\/nwold.test.decotec.lv\/en\/wp-json\/wp\/v2\/media\/63791"}],"wp:attachment":[{"href":"https:\/\/nwold.test.decotec.lv\/en\/wp-json\/wp\/v2\/media?parent=63554"}],"wp:term":[{"taxonomy":"product_cat","embeddable":true,"href":"https:\/\/nwold.test.decotec.lv\/en\/wp-json\/wp\/v2\/product_cat?post=63554"},{"taxonomy":"product_tag","embeddable":true,"href":"https:\/\/nwold.test.decotec.lv\/en\/wp-json\/wp\/v2\/product_tag?post=63554"}],"curies":[{"name":"wp","href":"https:\/\/api.w.org\/{rel}","templated":true}]}}