{"id":63556,"date":"2024-01-29T16:08:39","date_gmt":"2024-01-29T14:08:39","guid":{"rendered":"https:\/\/noblewine.lv\/?post_type=product&#038;p=63556"},"modified":"2024-04-16T19:32:29","modified_gmt":"2024-04-16T16:32:29","slug":"lekcija-par-toskanas-regionuvina-cienitajiem-iesacejiem","status":"publish","type":"product","link":"https:\/\/nwold.test.decotec.lv\/en\/catalog\/wine-events\/lekcija-par-toskanas-regionuvina-cienitajiem-iesacejiem\/","title":{"rendered":"Lekcija par Tosk\u0101nas re\u0123ionu,v\u012bna cien\u012bt\u0101jiem- ies\u0101c\u0113jiem!"},"content":{"rendered":"","protected":false},"excerpt":{"rendered":"<p>Tosk\u0101n\u0101 v\u012bna darin\u0101\u0161anas trad\u012bcija ir aizs\u0101kusies iev\u0113rojami sen\u0101k k\u0101 citviet, un \u0161iem v\u012bniem piem\u012bt savs neatk\u0101rtojams stils un raksturs. Aicin\u0101m izgar\u0161ot Eiropas v\u012bna \u0161\u016bpu\u013ca nep\u0101rsp\u0113jamos paraugus un iedzi\u013cin\u0101ties to veidojo\u0161aj\u0101s nians\u0113s! \u0160aj\u0101 re\u0123ion\u0101 sastapsiet presti\u017e\u0101ko It\u0101lijas apel\u0101ciju v\u012bnus, un ziniet \u2013 tie izce\u013cas uz pasaules pa\u0161u lielisk\u0101ko v\u012bnu fona! Degust\u0101cij\u0101 nobaud\u012bsim 4 paraugus un run\u0101sim par to ra\u017eo\u0161anas trad\u012bcij\u0101m un nosl\u0113pumiem!<\/p>\n<p>Par jebkuru jaut\u0101jumu saist\u012bb\u0101 ar degust\u0101ciju organiz\u0101ciju un norisi l\u016bgums v\u0113rsties pa t\u0101lruni +371 20101111 vai e-past\u0101 sandra.grinmane@noblewine.lv<\/p>\n","protected":false},"featured_media":63783,"template":"","meta":[],"product_cat":[2004],"product_tag":[],"class_list":["post-63556","product","type-product","status-publish","has-post-thumbnail","hentry","product_cat-wine-events"],"acf":[],"_links":{"self":[{"href":"https:\/\/nwold.test.decotec.lv\/en\/wp-json\/wp\/v2\/product\/63556"}],"collection":[{"href":"https:\/\/nwold.test.decotec.lv\/en\/wp-json\/wp\/v2\/product"}],"about":[{"href":"https:\/\/nwold.test.decotec.lv\/en\/wp-json\/wp\/v2\/types\/product"}],"wp:featuredmedia":[{"embeddable":true,"href":"https:\/\/nwold.test.decotec.lv\/en\/wp-json\/wp\/v2\/media\/63783"}],"wp:attachment":[{"href":"https:\/\/nwold.test.decotec.lv\/en\/wp-json\/wp\/v2\/media?parent=63556"}],"wp:term":[{"taxonomy":"product_cat","embeddable":true,"href":"https:\/\/nwold.test.decotec.lv\/en\/wp-json\/wp\/v2\/product_cat?post=63556"},{"taxonomy":"product_tag","embeddable":true,"href":"https:\/\/nwold.test.decotec.lv\/en\/wp-json\/wp\/v2\/product_tag?post=63556"}],"curies":[{"name":"wp","href":"https:\/\/api.w.org\/{rel}","templated":true}]}}